{"id":36703,"date":"2025-11-10T12:59:55","date_gmt":"2025-11-10T11:59:55","guid":{"rendered":"https:\/\/www.ernstbrunn-apotheke.at\/katalog\/produkt\/apopharm-bachblueten-35-white-chestnut-20-ml\/"},"modified":"2025-12-08T15:42:37","modified_gmt":"2025-12-08T14:42:37","slug":"apopharm-bachblueten-35-white-chestnut-20-ml","status":"publish","type":"product","link":"https:\/\/www.ernstbrunn-apotheke.at\/katalog\/produkt\/apopharm-bachblueten-35-white-chestnut-20-ml\/","title":{"rendered":"Apopharm Bachbl\u00fcten 35 White Chestnut 20 ml"},"content":{"rendered":"<p>Apopharm Bachbl\u00fcten 35 White Chestnut dient zur Anwendung bei allen krankhaften St\u00f6rungen, die mit Zwangsgedanken oder fixen Ideen einhergehen oder davon ausgel\u00f6st wurden. So wird das Produkt zur Basisbehandlung bei zwanghaftem Denken, fixen Ideen sowie geistiger \u00dcbererregung eingesetzt.<\/p>\n","protected":false},"excerpt":{"rendered":"<p>Apopharm Bachbl\u00fcten 35 White Chestnut dient zur Anwendung bei allen krankhaften St\u00f6rungen, die mit Zwangsgedanken oder fixen Ideen einhergehen oder davon ausgel\u00f6st wurden. So wird das Produkt zur Basisbehandlung bei zwanghaftem Denken, fixen Ideen sowie geistiger \u00dcbererregung eingesetzt.<\/p>\n","protected":false},"featured_media":36705,"template":"","meta":{"_acf_changed":false},"product_brand":[],"product_cat":[801],"product_tag":[],"class_list":{"0":"post-36703","1":"product","2":"type-product","3":"status-publish","4":"has-post-thumbnail","6":"product_cat-a","7":"pa_packungsgroesse-20ml","9":"first","10":"instock","11":"shipping-taxable","12":"purchasable","13":"product-type-simple"},"acf":[],"_links":{"self":[{"href":"https:\/\/www.ernstbrunn-apotheke.at\/katalog\/wp-json\/wp\/v2\/product\/36703","targetHints":{"allow":["GET"]}}],"collection":[{"href":"https:\/\/www.ernstbrunn-apotheke.at\/katalog\/wp-json\/wp\/v2\/product"}],"about":[{"href":"https:\/\/www.ernstbrunn-apotheke.at\/katalog\/wp-json\/wp\/v2\/types\/product"}],"wp:featuredmedia":[{"embeddable":true,"href":"https:\/\/www.ernstbrunn-apotheke.at\/katalog\/wp-json\/wp\/v2\/media\/36705"}],"wp:attachment":[{"href":"https:\/\/www.ernstbrunn-apotheke.at\/katalog\/wp-json\/wp\/v2\/media?parent=36703"}],"wp:term":[{"taxonomy":"product_brand","embeddable":true,"href":"https:\/\/www.ernstbrunn-apotheke.at\/katalog\/wp-json\/wp\/v2\/product_brand?post=36703"},{"taxonomy":"product_cat","embeddable":true,"href":"https:\/\/www.ernstbrunn-apotheke.at\/katalog\/wp-json\/wp\/v2\/product_cat?post=36703"},{"taxonomy":"product_tag","embeddable":true,"href":"https:\/\/www.ernstbrunn-apotheke.at\/katalog\/wp-json\/wp\/v2\/product_tag?post=36703"}],"curies":[{"name":"wp","href":"https:\/\/api.w.org\/{rel}","templated":true}]}}