{"id":36687,"date":"2025-11-10T12:58:55","date_gmt":"2025-11-10T11:58:55","guid":{"rendered":"https:\/\/www.ernstbrunn-apotheke.at\/katalog\/produkt\/australische-buschbluetenessenz-woman-30-ml\/"},"modified":"2025-12-08T15:42:31","modified_gmt":"2025-12-08T14:42:31","slug":"australische-buschbluetenessenz-woman-30-ml","status":"publish","type":"product","link":"https:\/\/www.ernstbrunn-apotheke.at\/katalog\/produkt\/australische-buschbluetenessenz-woman-30-ml\/","title":{"rendered":"Australische Buschbl\u00fctenessenz Woman 30 ml"},"content":{"rendered":"<p>Australische Buschbl\u00fctenessenz Woman harmonisiert Unausgeglichenheiten bedingt durch den monatlichen Zyklus, sowie w\u00e4hrend der Wechseljahre. Sie gibt Frauen die M\u00f6glichkeit, sich ihres eigenen K\u00f6rpers und ihrer Sch\u00f6nheit zu erfreuen.<\/p>\n","protected":false},"excerpt":{"rendered":"<p>Australische Buschbl\u00fctenessenz Woman harmonisiert Unausgeglichenheiten bedingt durch den monatlichen Zyklus, sowie w\u00e4hrend der Wechseljahre. Sie gibt Frauen die M\u00f6glichkeit, sich ihres eigenen K\u00f6rpers und ihrer Sch\u00f6nheit zu erfreuen.<\/p>\n","protected":false},"featured_media":0,"template":"","meta":{"_acf_changed":false},"product_brand":[930],"product_cat":[801],"product_tag":[],"class_list":{"0":"post-36687","1":"product","2":"type-product","3":"status-publish","5":"product_brand-australische-buschblueten","6":"product_cat-a","7":"pa_packungsgroesse-30ml","9":"first","10":"instock","11":"shipping-taxable","12":"purchasable","13":"product-type-simple"},"acf":[],"_links":{"self":[{"href":"https:\/\/www.ernstbrunn-apotheke.at\/katalog\/wp-json\/wp\/v2\/product\/36687","targetHints":{"allow":["GET"]}}],"collection":[{"href":"https:\/\/www.ernstbrunn-apotheke.at\/katalog\/wp-json\/wp\/v2\/product"}],"about":[{"href":"https:\/\/www.ernstbrunn-apotheke.at\/katalog\/wp-json\/wp\/v2\/types\/product"}],"wp:attachment":[{"href":"https:\/\/www.ernstbrunn-apotheke.at\/katalog\/wp-json\/wp\/v2\/media?parent=36687"}],"wp:term":[{"taxonomy":"product_brand","embeddable":true,"href":"https:\/\/www.ernstbrunn-apotheke.at\/katalog\/wp-json\/wp\/v2\/product_brand?post=36687"},{"taxonomy":"product_cat","embeddable":true,"href":"https:\/\/www.ernstbrunn-apotheke.at\/katalog\/wp-json\/wp\/v2\/product_cat?post=36687"},{"taxonomy":"product_tag","embeddable":true,"href":"https:\/\/www.ernstbrunn-apotheke.at\/katalog\/wp-json\/wp\/v2\/product_tag?post=36687"}],"curies":[{"name":"wp","href":"https:\/\/api.w.org\/{rel}","templated":true}]}}