{"id":36683,"date":"2025-11-10T12:58:55","date_gmt":"2025-11-10T11:58:55","guid":{"rendered":"https:\/\/www.ernstbrunn-apotheke.at\/katalog\/produkt\/australische-buschbluetenessenz-fringed-violet-15-ml\/"},"modified":"2025-12-08T15:42:29","modified_gmt":"2025-12-08T14:42:29","slug":"australische-buschbluetenessenz-fringed-violet-15-ml","status":"publish","type":"product","link":"https:\/\/www.ernstbrunn-apotheke.at\/katalog\/produkt\/australische-buschbluetenessenz-fringed-violet-15-ml\/","title":{"rendered":"Australische Buschbl\u00fctenessenz Fringed Violet 15 ml"},"content":{"rendered":"<p>Australische Buschbl\u00fctenessenz Fringed Violet behandelt Sch\u00e4den in der Aura, die durch Schock, Trauer oder Leiden ausgel\u00f6st wurden. Die Essenz erh\u00e4lt den psychischen Schutz aufrecht. Sie wirkt ausgezeichnet bei Menschen, die von anderen ausgesaugt werden und auch bei solchen, die unbewusst psychische Lasten anderer auf sich nehmen.<\/p>\n","protected":false},"excerpt":{"rendered":"<p>Australische Buschbl\u00fctenessenz Fringed Violet behandelt Sch\u00e4den in der Aura, die durch Schock, Trauer oder Leiden ausgel\u00f6st wurden. Die Essenz erh\u00e4lt den psychischen Schutz aufrecht. Sie wirkt ausgezeichnet bei Menschen, die von anderen ausgesaugt werden und auch bei solchen, die unbewusst psychische Lasten anderer auf sich nehmen.<\/p>\n","protected":false},"featured_media":0,"template":"","meta":{"_acf_changed":false},"product_brand":[930],"product_cat":[801],"product_tag":[],"class_list":{"0":"post-36683","1":"product","2":"type-product","3":"status-publish","5":"product_brand-australische-buschblueten","6":"product_cat-a","7":"pa_packungsgroesse-15ml","9":"first","10":"instock","11":"shipping-taxable","12":"purchasable","13":"product-type-simple"},"acf":[],"_links":{"self":[{"href":"https:\/\/www.ernstbrunn-apotheke.at\/katalog\/wp-json\/wp\/v2\/product\/36683","targetHints":{"allow":["GET"]}}],"collection":[{"href":"https:\/\/www.ernstbrunn-apotheke.at\/katalog\/wp-json\/wp\/v2\/product"}],"about":[{"href":"https:\/\/www.ernstbrunn-apotheke.at\/katalog\/wp-json\/wp\/v2\/types\/product"}],"wp:attachment":[{"href":"https:\/\/www.ernstbrunn-apotheke.at\/katalog\/wp-json\/wp\/v2\/media?parent=36683"}],"wp:term":[{"taxonomy":"product_brand","embeddable":true,"href":"https:\/\/www.ernstbrunn-apotheke.at\/katalog\/wp-json\/wp\/v2\/product_brand?post=36683"},{"taxonomy":"product_cat","embeddable":true,"href":"https:\/\/www.ernstbrunn-apotheke.at\/katalog\/wp-json\/wp\/v2\/product_cat?post=36683"},{"taxonomy":"product_tag","embeddable":true,"href":"https:\/\/www.ernstbrunn-apotheke.at\/katalog\/wp-json\/wp\/v2\/product_tag?post=36683"}],"curies":[{"name":"wp","href":"https:\/\/api.w.org\/{rel}","templated":true}]}}