{"id":36620,"date":"2025-11-10T12:57:34","date_gmt":"2025-11-10T11:57:34","guid":{"rendered":"https:\/\/www.ernstbrunn-apotheke.at\/katalog\/produkt\/apopharm-bachblueten-29-star-of-bethlehem-20-ml\/"},"modified":"2025-12-08T15:42:19","modified_gmt":"2025-12-08T14:42:19","slug":"apopharm-bachblueten-29-star-of-bethlehem-20-ml","status":"publish","type":"product","link":"https:\/\/www.ernstbrunn-apotheke.at\/katalog\/produkt\/apopharm-bachblueten-29-star-of-bethlehem-20-ml\/","title":{"rendered":"Apopharm Bachbl\u00fcten 29 Star Of Bethlehem 20 ml"},"content":{"rendered":"<p>Apopharm Bachbl\u00fcten 29 Star Of Bethlehem eignet sich zur Anwendung bei allen krankhaften St\u00f6rungen, die mit Verletzungen oder seelischen Ersch\u00fctterungen einhergehen oder davon ausgel\u00f6st wurden. Das Produkt wird zur Basisbehandlung bei unverarbeitetem psychischem oder physischem Trauma, unertr\u00e4glich erscheinenden Lebenssituationen, Neurosen und auch Unfallfolgen eingesetzt.<\/p>\n","protected":false},"excerpt":{"rendered":"<p>Apopharm Bachbl\u00fcten 29 Star Of Bethlehem eignet sich zur Anwendung bei allen krankhaften St\u00f6rungen, die mit Verletzungen oder seelischen Ersch\u00fctterungen einhergehen oder davon ausgel\u00f6st wurden. Das Produkt wird zur Basisbehandlung bei unverarbeitetem psychischem oder physischem Trauma, unertr\u00e4glich erscheinenden Lebenssituationen, Neurosen und auch Unfallfolgen eingesetzt.<\/p>\n","protected":false},"featured_media":36622,"template":"","meta":{"_acf_changed":false},"product_brand":[],"product_cat":[801],"product_tag":[],"class_list":{"0":"post-36620","1":"product","2":"type-product","3":"status-publish","4":"has-post-thumbnail","6":"product_cat-a","7":"pa_packungsgroesse-20ml","9":"first","10":"instock","11":"shipping-taxable","12":"purchasable","13":"product-type-simple"},"acf":[],"_links":{"self":[{"href":"https:\/\/www.ernstbrunn-apotheke.at\/katalog\/wp-json\/wp\/v2\/product\/36620","targetHints":{"allow":["GET"]}}],"collection":[{"href":"https:\/\/www.ernstbrunn-apotheke.at\/katalog\/wp-json\/wp\/v2\/product"}],"about":[{"href":"https:\/\/www.ernstbrunn-apotheke.at\/katalog\/wp-json\/wp\/v2\/types\/product"}],"wp:featuredmedia":[{"embeddable":true,"href":"https:\/\/www.ernstbrunn-apotheke.at\/katalog\/wp-json\/wp\/v2\/media\/36622"}],"wp:attachment":[{"href":"https:\/\/www.ernstbrunn-apotheke.at\/katalog\/wp-json\/wp\/v2\/media?parent=36620"}],"wp:term":[{"taxonomy":"product_brand","embeddable":true,"href":"https:\/\/www.ernstbrunn-apotheke.at\/katalog\/wp-json\/wp\/v2\/product_brand?post=36620"},{"taxonomy":"product_cat","embeddable":true,"href":"https:\/\/www.ernstbrunn-apotheke.at\/katalog\/wp-json\/wp\/v2\/product_cat?post=36620"},{"taxonomy":"product_tag","embeddable":true,"href":"https:\/\/www.ernstbrunn-apotheke.at\/katalog\/wp-json\/wp\/v2\/product_tag?post=36620"}],"curies":[{"name":"wp","href":"https:\/\/api.w.org\/{rel}","templated":true}]}}