{"id":36567,"date":"2025-11-10T12:57:34","date_gmt":"2025-11-10T11:57:34","guid":{"rendered":"https:\/\/www.ernstbrunn-apotheke.at\/katalog\/produkt\/australische-buschblueten-essenzen-30-ml-emergency\/"},"modified":"2025-12-08T15:42:11","modified_gmt":"2025-12-08T14:42:11","slug":"australische-buschblueten-essenzen-30-ml-emergency","status":"publish","type":"product","link":"https:\/\/www.ernstbrunn-apotheke.at\/katalog\/produkt\/australische-buschblueten-essenzen-30-ml-emergency\/","title":{"rendered":"Australische Buschbl\u00fcten Essenzen  30 ml Emergency"},"content":{"rendered":"<p>Australische Buschbl\u00fcten Essenz Emergency ist die Erste Hilfe f\u00fcr kleinere Wehwehchen und emotionale Krisen. Sie sorgt f\u00fcr Beruhigung bei Nervosit\u00e4t, Panikattacken und kann bei kleineren medizinischen Notf\u00e4llen f\u00fcr Erleichterung sorgen bis \u00e4rztliche Hilfe eintrifft<\/p>\n","protected":false},"excerpt":{"rendered":"<p>Australische Buschbl\u00fcten Essenz Emergency ist die Erste Hilfe f\u00fcr kleinere Wehwehchen und emotionale Krisen. Sie sorgt f\u00fcr Beruhigung bei Nervosit\u00e4t, Panikattacken und kann bei kleineren medizinischen Notf\u00e4llen f\u00fcr Erleichterung sorgen bis \u00e4rztliche Hilfe eintrifft<\/p>\n","protected":false},"featured_media":36569,"template":"","meta":{"_acf_changed":false},"product_brand":[930],"product_cat":[801],"product_tag":[],"class_list":{"0":"post-36567","1":"product","2":"type-product","3":"status-publish","4":"has-post-thumbnail","6":"product_brand-australische-buschblueten","7":"product_cat-a","8":"pa_packungsgroesse-30ml","10":"first","11":"instock","12":"shipping-taxable","13":"purchasable","14":"product-type-simple"},"acf":[],"_links":{"self":[{"href":"https:\/\/www.ernstbrunn-apotheke.at\/katalog\/wp-json\/wp\/v2\/product\/36567","targetHints":{"allow":["GET"]}}],"collection":[{"href":"https:\/\/www.ernstbrunn-apotheke.at\/katalog\/wp-json\/wp\/v2\/product"}],"about":[{"href":"https:\/\/www.ernstbrunn-apotheke.at\/katalog\/wp-json\/wp\/v2\/types\/product"}],"wp:featuredmedia":[{"embeddable":true,"href":"https:\/\/www.ernstbrunn-apotheke.at\/katalog\/wp-json\/wp\/v2\/media\/36569"}],"wp:attachment":[{"href":"https:\/\/www.ernstbrunn-apotheke.at\/katalog\/wp-json\/wp\/v2\/media?parent=36567"}],"wp:term":[{"taxonomy":"product_brand","embeddable":true,"href":"https:\/\/www.ernstbrunn-apotheke.at\/katalog\/wp-json\/wp\/v2\/product_brand?post=36567"},{"taxonomy":"product_cat","embeddable":true,"href":"https:\/\/www.ernstbrunn-apotheke.at\/katalog\/wp-json\/wp\/v2\/product_cat?post=36567"},{"taxonomy":"product_tag","embeddable":true,"href":"https:\/\/www.ernstbrunn-apotheke.at\/katalog\/wp-json\/wp\/v2\/product_tag?post=36567"}],"curies":[{"name":"wp","href":"https:\/\/api.w.org\/{rel}","templated":true}]}}