{"id":36554,"date":"2025-11-10T12:57:34","date_gmt":"2025-11-10T11:57:34","guid":{"rendered":"https:\/\/www.ernstbrunn-apotheke.at\/katalog\/produkt\/healing-herbs-star-of-bethlehem\/"},"modified":"2025-12-08T15:42:08","modified_gmt":"2025-12-08T14:42:08","slug":"healing-herbs-star-of-bethlehem","status":"publish","type":"product","link":"https:\/\/www.ernstbrunn-apotheke.at\/katalog\/produkt\/healing-herbs-star-of-bethlehem\/","title":{"rendered":"Healing Herbs Star of Bethlehem"},"content":{"rendered":"<p>Healing Herbs Star of Bethlehem wird besonders bei allen krankhaften St\u00f6rungen empfohlen, die mit Verletzungen oder seelischen Ersch\u00fctterungen einhergehen oder davon ausgel\u00f6st wurden. Das Produkt wird zur Basisbehandlung bei unverarbeitetem psychischem oder physischem Trauma, unertr\u00e4glich erscheinenden Lebenssituationen, Neurosen und auch Unfallfolgen eingesetzt.<\/p>\n","protected":false},"excerpt":{"rendered":"<p>Healing Herbs Star of Bethlehem wird besonders bei allen krankhaften St\u00f6rungen empfohlen, die mit Verletzungen oder seelischen Ersch\u00fctterungen einhergehen oder davon ausgel\u00f6st wurden. Das Produkt wird zur Basisbehandlung bei unverarbeitetem psychischem oder physischem Trauma, unertr\u00e4glich erscheinenden Lebenssituationen, Neurosen und auch Unfallfolgen eingesetzt.<\/p>\n","protected":false},"featured_media":36556,"template":"","meta":{"_acf_changed":false},"product_brand":[927],"product_cat":[805],"product_tag":[],"class_list":{"0":"post-36554","1":"product","2":"type-product","3":"status-publish","4":"has-post-thumbnail","6":"product_brand-healing-herbs","7":"product_cat-h","8":"pa_packungsgroesse-10ml","10":"first","11":"instock","12":"shipping-taxable","13":"purchasable","14":"product-type-simple"},"acf":[],"_links":{"self":[{"href":"https:\/\/www.ernstbrunn-apotheke.at\/katalog\/wp-json\/wp\/v2\/product\/36554","targetHints":{"allow":["GET"]}}],"collection":[{"href":"https:\/\/www.ernstbrunn-apotheke.at\/katalog\/wp-json\/wp\/v2\/product"}],"about":[{"href":"https:\/\/www.ernstbrunn-apotheke.at\/katalog\/wp-json\/wp\/v2\/types\/product"}],"wp:featuredmedia":[{"embeddable":true,"href":"https:\/\/www.ernstbrunn-apotheke.at\/katalog\/wp-json\/wp\/v2\/media\/36556"}],"wp:attachment":[{"href":"https:\/\/www.ernstbrunn-apotheke.at\/katalog\/wp-json\/wp\/v2\/media?parent=36554"}],"wp:term":[{"taxonomy":"product_brand","embeddable":true,"href":"https:\/\/www.ernstbrunn-apotheke.at\/katalog\/wp-json\/wp\/v2\/product_brand?post=36554"},{"taxonomy":"product_cat","embeddable":true,"href":"https:\/\/www.ernstbrunn-apotheke.at\/katalog\/wp-json\/wp\/v2\/product_cat?post=36554"},{"taxonomy":"product_tag","embeddable":true,"href":"https:\/\/www.ernstbrunn-apotheke.at\/katalog\/wp-json\/wp\/v2\/product_tag?post=36554"}],"curies":[{"name":"wp","href":"https:\/\/api.w.org\/{rel}","templated":true}]}}