{"id":36498,"date":"2025-11-10T12:56:22","date_gmt":"2025-11-10T11:56:22","guid":{"rendered":"https:\/\/www.ernstbrunn-apotheke.at\/katalog\/produkt\/bachblueten-flower-aid-tropfen-20-ml\/"},"modified":"2025-12-08T15:41:58","modified_gmt":"2025-12-08T14:41:58","slug":"bachblueten-flower-aid-tropfen-20-ml","status":"publish","type":"product","link":"https:\/\/www.ernstbrunn-apotheke.at\/katalog\/produkt\/bachblueten-flower-aid-tropfen-20-ml\/","title":{"rendered":"Bachbl\u00fcten Flower Aid Tropfen 20 ml"},"content":{"rendered":"<p>Bachbl\u00fcten Flower Aid Tropfen unterst\u00fctzen emotionale und seelische Notf\u00e4lle. Erste Hilfe aus der Natur Diese Tropfen k\u00f6nnen Sie in den Packungsgr\u00f6\u00dfen 10 ml und 20 ml bestellen.<\/p>\n","protected":false},"excerpt":{"rendered":"<p>Bachbl\u00fcten Flower Aid Tropfen unterst\u00fctzen emotionale und seelische Notf\u00e4lle. Erste Hilfe aus der Natur Diese Tropfen k\u00f6nnen Sie in den Packungsgr\u00f6\u00dfen 10 ml und 20 ml bestellen.<\/p>\n","protected":false},"featured_media":36500,"template":"","meta":{"_acf_changed":false},"product_brand":[],"product_cat":[802],"product_tag":[],"class_list":{"0":"post-36498","1":"product","2":"type-product","3":"status-publish","4":"has-post-thumbnail","6":"product_cat-b","7":"pa_packungsgroesse-20ml","9":"first","10":"instock","11":"shipping-taxable","12":"purchasable","13":"product-type-simple"},"acf":[],"_links":{"self":[{"href":"https:\/\/www.ernstbrunn-apotheke.at\/katalog\/wp-json\/wp\/v2\/product\/36498","targetHints":{"allow":["GET"]}}],"collection":[{"href":"https:\/\/www.ernstbrunn-apotheke.at\/katalog\/wp-json\/wp\/v2\/product"}],"about":[{"href":"https:\/\/www.ernstbrunn-apotheke.at\/katalog\/wp-json\/wp\/v2\/types\/product"}],"wp:featuredmedia":[{"embeddable":true,"href":"https:\/\/www.ernstbrunn-apotheke.at\/katalog\/wp-json\/wp\/v2\/media\/36500"}],"wp:attachment":[{"href":"https:\/\/www.ernstbrunn-apotheke.at\/katalog\/wp-json\/wp\/v2\/media?parent=36498"}],"wp:term":[{"taxonomy":"product_brand","embeddable":true,"href":"https:\/\/www.ernstbrunn-apotheke.at\/katalog\/wp-json\/wp\/v2\/product_brand?post=36498"},{"taxonomy":"product_cat","embeddable":true,"href":"https:\/\/www.ernstbrunn-apotheke.at\/katalog\/wp-json\/wp\/v2\/product_cat?post=36498"},{"taxonomy":"product_tag","embeddable":true,"href":"https:\/\/www.ernstbrunn-apotheke.at\/katalog\/wp-json\/wp\/v2\/product_tag?post=36498"}],"curies":[{"name":"wp","href":"https:\/\/api.w.org\/{rel}","templated":true}]}}