{"id":36494,"date":"2025-11-10T12:56:22","date_gmt":"2025-11-10T11:56:22","guid":{"rendered":"https:\/\/www.ernstbrunn-apotheke.at\/katalog\/produkt\/australische-buschbluetenessenz-cognis-30-ml\/"},"modified":"2025-12-08T15:41:55","modified_gmt":"2025-12-08T14:41:55","slug":"australische-buschbluetenessenz-cognis-30-ml","status":"publish","type":"product","link":"https:\/\/www.ernstbrunn-apotheke.at\/katalog\/produkt\/australische-buschbluetenessenz-cognis-30-ml\/","title":{"rendered":"Australische Buschbl\u00fctenessenz Cognis 30 ml"},"content":{"rendered":"<p>Australische Buschbl\u00fctenessenz Cognis balanciert die intuitiven und rationalen Prozesse im Gehirn und hilft dabei, Neues zu integrieren. Sie ist wundervoll zur Unterst\u00fctzung beim Lernen oder bei T\u00e4tigkeiten, die viel Konzentration erfordern. Diese Buschbl\u00fcten Kombination f\u00f6rdert dar\u00fcber hinaus das L\u00f6sen von Problemen.<\/p>\n","protected":false},"excerpt":{"rendered":"<p>Australische Buschbl\u00fctenessenz Cognis balanciert die intuitiven und rationalen Prozesse im Gehirn und hilft dabei, Neues zu integrieren. Sie ist wundervoll zur Unterst\u00fctzung beim Lernen oder bei T\u00e4tigkeiten, die viel Konzentration erfordern. Diese Buschbl\u00fcten Kombination f\u00f6rdert dar\u00fcber hinaus das L\u00f6sen von Problemen.<\/p>\n","protected":false},"featured_media":0,"template":"","meta":{"_acf_changed":false},"product_brand":[930],"product_cat":[801],"product_tag":[],"class_list":{"0":"post-36494","1":"product","2":"type-product","3":"status-publish","5":"product_brand-australische-buschblueten","6":"product_cat-a","7":"pa_packungsgroesse-30ml","9":"first","10":"instock","11":"shipping-taxable","12":"purchasable","13":"product-type-simple"},"acf":[],"_links":{"self":[{"href":"https:\/\/www.ernstbrunn-apotheke.at\/katalog\/wp-json\/wp\/v2\/product\/36494","targetHints":{"allow":["GET"]}}],"collection":[{"href":"https:\/\/www.ernstbrunn-apotheke.at\/katalog\/wp-json\/wp\/v2\/product"}],"about":[{"href":"https:\/\/www.ernstbrunn-apotheke.at\/katalog\/wp-json\/wp\/v2\/types\/product"}],"wp:attachment":[{"href":"https:\/\/www.ernstbrunn-apotheke.at\/katalog\/wp-json\/wp\/v2\/media?parent=36494"}],"wp:term":[{"taxonomy":"product_brand","embeddable":true,"href":"https:\/\/www.ernstbrunn-apotheke.at\/katalog\/wp-json\/wp\/v2\/product_brand?post=36494"},{"taxonomy":"product_cat","embeddable":true,"href":"https:\/\/www.ernstbrunn-apotheke.at\/katalog\/wp-json\/wp\/v2\/product_cat?post=36494"},{"taxonomy":"product_tag","embeddable":true,"href":"https:\/\/www.ernstbrunn-apotheke.at\/katalog\/wp-json\/wp\/v2\/product_tag?post=36494"}],"curies":[{"name":"wp","href":"https:\/\/api.w.org\/{rel}","templated":true}]}}