{"id":36357,"date":"2025-11-10T12:54:00","date_gmt":"2025-11-10T11:54:00","guid":{"rendered":"https:\/\/www.ernstbrunn-apotheke.at\/katalog\/produkt\/adler-bachblueten-globuli-exam-15-g\/"},"modified":"2025-12-08T15:41:30","modified_gmt":"2025-12-08T14:41:30","slug":"adler-bachblueten-globuli-exam-15-g","status":"publish","type":"product","link":"https:\/\/www.ernstbrunn-apotheke.at\/katalog\/produkt\/adler-bachblueten-globuli-exam-15-g\/","title":{"rendered":"Adler Bachbl\u00fcten Globuli Exam 15 g"},"content":{"rendered":"<p>Adler Bachbl\u00fcten Globuli Exam ist eine Essenz mit den Bachbl\u00fcten Clematis, Elm, Gentian, Larch und White Chestnut. Diese Essenz wird auch als Pr\u00fcfungsglobuli bezeichnet und soll in Zeiten psychischen Druckes helfen, einen k\u00fchlen Kopf zu bewahren. Bachbl\u00fctenessenzen werden genutzt um den emotionalen Zustand eines Menschen zu behandeln, welcher wie Bach glaubte die Ursache f\u00fcr k\u00f6rperliche Gesundheitsprobleme war.<\/p>\n","protected":false},"excerpt":{"rendered":"<p>Adler Bachbl\u00fcten Globuli Exam ist eine Essenz mit den Bachbl\u00fcten Clematis, Elm, Gentian, Larch und White Chestnut. Diese Essenz wird auch als Pr\u00fcfungsglobuli bezeichnet und soll in Zeiten psychischen Druckes helfen, einen k\u00fchlen Kopf zu bewahren. Bachbl\u00fctenessenzen werden genutzt um den emotionalen Zustand eines Menschen zu behandeln, welcher wie Bach glaubte die Ursache f\u00fcr k\u00f6rperliche [&hellip;]<\/p>\n","protected":false},"featured_media":36359,"template":"","meta":{"_acf_changed":false},"product_brand":[928],"product_cat":[801],"product_tag":[],"class_list":{"0":"post-36357","1":"product","2":"type-product","3":"status-publish","4":"has-post-thumbnail","6":"product_brand-adler-pharma","7":"product_cat-a","8":"pa_packungsgroesse-15g","10":"first","11":"instock","12":"shipping-taxable","13":"purchasable","14":"product-type-simple"},"acf":[],"_links":{"self":[{"href":"https:\/\/www.ernstbrunn-apotheke.at\/katalog\/wp-json\/wp\/v2\/product\/36357","targetHints":{"allow":["GET"]}}],"collection":[{"href":"https:\/\/www.ernstbrunn-apotheke.at\/katalog\/wp-json\/wp\/v2\/product"}],"about":[{"href":"https:\/\/www.ernstbrunn-apotheke.at\/katalog\/wp-json\/wp\/v2\/types\/product"}],"wp:featuredmedia":[{"embeddable":true,"href":"https:\/\/www.ernstbrunn-apotheke.at\/katalog\/wp-json\/wp\/v2\/media\/36359"}],"wp:attachment":[{"href":"https:\/\/www.ernstbrunn-apotheke.at\/katalog\/wp-json\/wp\/v2\/media?parent=36357"}],"wp:term":[{"taxonomy":"product_brand","embeddable":true,"href":"https:\/\/www.ernstbrunn-apotheke.at\/katalog\/wp-json\/wp\/v2\/product_brand?post=36357"},{"taxonomy":"product_cat","embeddable":true,"href":"https:\/\/www.ernstbrunn-apotheke.at\/katalog\/wp-json\/wp\/v2\/product_cat?post=36357"},{"taxonomy":"product_tag","embeddable":true,"href":"https:\/\/www.ernstbrunn-apotheke.at\/katalog\/wp-json\/wp\/v2\/product_tag?post=36357"}],"curies":[{"name":"wp","href":"https:\/\/api.w.org\/{rel}","templated":true}]}}