{"id":36256,"date":"2025-11-10T12:52:04","date_gmt":"2025-11-10T11:52:04","guid":{"rendered":"https:\/\/www.ernstbrunn-apotheke.at\/katalog\/produkt\/gall-pharma-bachblueten-40-rescue-notfall-creme\/"},"modified":"2025-12-08T15:41:09","modified_gmt":"2025-12-08T14:41:09","slug":"gall-pharma-bachblueten-40-rescue-notfall-creme","status":"publish","type":"product","link":"https:\/\/www.ernstbrunn-apotheke.at\/katalog\/produkt\/gall-pharma-bachblueten-40-rescue-notfall-creme\/","title":{"rendered":"Gall Pharma BACHBL\u00dcTEN 40 Rescue Notfall Creme"},"content":{"rendered":"<p>Gall Pharma Bachbl\u00fcten Rescue Creme ist eine Kombination aus 6 Bachbl\u00fcten. Sie wirkt wohltuend und kann auf H\u00e4nde, K\u00f6rper und Gesicht aufgetragen werden. Sie wird verwendet bei rauher, trockener und rissiger Haut.<\/p>\n","protected":false},"excerpt":{"rendered":"<p>Gall Pharma Bachbl\u00fcten Rescue Creme ist eine Kombination aus 6 Bachbl\u00fcten. Sie wirkt wohltuend und kann auf H\u00e4nde, K\u00f6rper und Gesicht aufgetragen werden. Sie wird verwendet bei rauher, trockener und rissiger Haut.<\/p>\n","protected":false},"featured_media":36258,"template":"","meta":{"_acf_changed":false},"product_brand":[371],"product_cat":[810],"product_tag":[],"class_list":{"0":"post-36256","1":"product","2":"type-product","3":"status-publish","4":"has-post-thumbnail","6":"product_brand-gall-pharma","7":"product_cat-g","8":"pa_packungsgroesse-30g","10":"first","11":"instock","12":"shipping-taxable","13":"purchasable","14":"product-type-simple"},"acf":[],"_links":{"self":[{"href":"https:\/\/www.ernstbrunn-apotheke.at\/katalog\/wp-json\/wp\/v2\/product\/36256","targetHints":{"allow":["GET"]}}],"collection":[{"href":"https:\/\/www.ernstbrunn-apotheke.at\/katalog\/wp-json\/wp\/v2\/product"}],"about":[{"href":"https:\/\/www.ernstbrunn-apotheke.at\/katalog\/wp-json\/wp\/v2\/types\/product"}],"wp:featuredmedia":[{"embeddable":true,"href":"https:\/\/www.ernstbrunn-apotheke.at\/katalog\/wp-json\/wp\/v2\/media\/36258"}],"wp:attachment":[{"href":"https:\/\/www.ernstbrunn-apotheke.at\/katalog\/wp-json\/wp\/v2\/media?parent=36256"}],"wp:term":[{"taxonomy":"product_brand","embeddable":true,"href":"https:\/\/www.ernstbrunn-apotheke.at\/katalog\/wp-json\/wp\/v2\/product_brand?post=36256"},{"taxonomy":"product_cat","embeddable":true,"href":"https:\/\/www.ernstbrunn-apotheke.at\/katalog\/wp-json\/wp\/v2\/product_cat?post=36256"},{"taxonomy":"product_tag","embeddable":true,"href":"https:\/\/www.ernstbrunn-apotheke.at\/katalog\/wp-json\/wp\/v2\/product_tag?post=36256"}],"curies":[{"name":"wp","href":"https:\/\/api.w.org\/{rel}","templated":true}]}}