{"id":36253,"date":"2025-11-10T12:52:04","date_gmt":"2025-11-10T11:52:04","guid":{"rendered":"https:\/\/www.ernstbrunn-apotheke.at\/katalog\/produkt\/bachblueten-flower-aid-kinder-globuli-10-g-zappelphilipp\/"},"modified":"2025-12-08T15:41:08","modified_gmt":"2025-12-08T14:41:08","slug":"bachblueten-flower-aid-kinder-globuli-10-g-zappelphilipp","status":"publish","type":"product","link":"https:\/\/www.ernstbrunn-apotheke.at\/katalog\/produkt\/bachblueten-flower-aid-kinder-globuli-10-g-zappelphilipp\/","title":{"rendered":"Bachbl\u00fcten Flower Aid Kinder Globuli 10 g Zappelphilipp"},"content":{"rendered":"<p>Bachbl\u00fcten Zappelphilipp Globuli unterst\u00fctzen emotionale und seelische Notf\u00e4lle. Erste Hilfe aus der Natur..<\/p>\n","protected":false},"excerpt":{"rendered":"<p>Bachbl\u00fcten Zappelphilipp Globuli unterst\u00fctzen emotionale und seelische Notf\u00e4lle. Erste Hilfe aus der Natur..<\/p>\n","protected":false},"featured_media":36255,"template":"","meta":{"_acf_changed":false},"product_brand":[],"product_cat":[802],"product_tag":[],"class_list":{"0":"post-36253","1":"product","2":"type-product","3":"status-publish","4":"has-post-thumbnail","6":"product_cat-b","7":"pa_packungsgroesse-10g","9":"first","10":"instock","11":"shipping-taxable","12":"purchasable","13":"product-type-simple"},"acf":[],"_links":{"self":[{"href":"https:\/\/www.ernstbrunn-apotheke.at\/katalog\/wp-json\/wp\/v2\/product\/36253","targetHints":{"allow":["GET"]}}],"collection":[{"href":"https:\/\/www.ernstbrunn-apotheke.at\/katalog\/wp-json\/wp\/v2\/product"}],"about":[{"href":"https:\/\/www.ernstbrunn-apotheke.at\/katalog\/wp-json\/wp\/v2\/types\/product"}],"wp:featuredmedia":[{"embeddable":true,"href":"https:\/\/www.ernstbrunn-apotheke.at\/katalog\/wp-json\/wp\/v2\/media\/36255"}],"wp:attachment":[{"href":"https:\/\/www.ernstbrunn-apotheke.at\/katalog\/wp-json\/wp\/v2\/media?parent=36253"}],"wp:term":[{"taxonomy":"product_brand","embeddable":true,"href":"https:\/\/www.ernstbrunn-apotheke.at\/katalog\/wp-json\/wp\/v2\/product_brand?post=36253"},{"taxonomy":"product_cat","embeddable":true,"href":"https:\/\/www.ernstbrunn-apotheke.at\/katalog\/wp-json\/wp\/v2\/product_cat?post=36253"},{"taxonomy":"product_tag","embeddable":true,"href":"https:\/\/www.ernstbrunn-apotheke.at\/katalog\/wp-json\/wp\/v2\/product_tag?post=36253"}],"curies":[{"name":"wp","href":"https:\/\/api.w.org\/{rel}","templated":true}]}}