{"id":36251,"date":"2025-11-10T12:52:04","date_gmt":"2025-11-10T11:52:04","guid":{"rendered":"https:\/\/www.ernstbrunn-apotheke.at\/katalog\/produkt\/adler-bachblueten-globuli-nacht-15-g\/"},"modified":"2025-12-08T15:41:06","modified_gmt":"2025-12-08T14:41:06","slug":"adler-bachblueten-globuli-nacht-15-g","status":"publish","type":"product","link":"https:\/\/www.ernstbrunn-apotheke.at\/katalog\/produkt\/adler-bachblueten-globuli-nacht-15-g\/","title":{"rendered":"Adler Bachbl\u00fcten Globuli Nacht 15 g"},"content":{"rendered":"<p>Adler Bachbl\u00fcten Globuli Nacht ist eine Mischung mit den Bachbl\u00fcten Agrimony, Cherry Plum, Impatiens, Vervain, Walnut und White Chestnut. Diese Globuli eignen sich am besten bei (Durch-)Schlafst\u00f6rungen. Bei Bedarf einfach 10 Globuli auf der Zunge zergehen lassen.<\/p>\n","protected":false},"excerpt":{"rendered":"<p>Adler Bachbl\u00fcten Globuli Nacht ist eine Mischung mit den Bachbl\u00fcten Agrimony, Cherry Plum, Impatiens, Vervain, Walnut und White Chestnut. Diese Globuli eignen sich am besten bei (Durch-)Schlafst\u00f6rungen. Bei Bedarf einfach 10 Globuli auf der Zunge zergehen lassen.<\/p>\n","protected":false},"featured_media":0,"template":"","meta":{"_acf_changed":false},"product_brand":[928],"product_cat":[801],"product_tag":[],"class_list":{"0":"post-36251","1":"product","2":"type-product","3":"status-publish","5":"product_brand-adler-pharma","6":"product_cat-a","7":"pa_packungsgroesse-15g","9":"first","10":"instock","11":"shipping-taxable","12":"purchasable","13":"product-type-simple"},"acf":[],"_links":{"self":[{"href":"https:\/\/www.ernstbrunn-apotheke.at\/katalog\/wp-json\/wp\/v2\/product\/36251","targetHints":{"allow":["GET"]}}],"collection":[{"href":"https:\/\/www.ernstbrunn-apotheke.at\/katalog\/wp-json\/wp\/v2\/product"}],"about":[{"href":"https:\/\/www.ernstbrunn-apotheke.at\/katalog\/wp-json\/wp\/v2\/types\/product"}],"wp:attachment":[{"href":"https:\/\/www.ernstbrunn-apotheke.at\/katalog\/wp-json\/wp\/v2\/media?parent=36251"}],"wp:term":[{"taxonomy":"product_brand","embeddable":true,"href":"https:\/\/www.ernstbrunn-apotheke.at\/katalog\/wp-json\/wp\/v2\/product_brand?post=36251"},{"taxonomy":"product_cat","embeddable":true,"href":"https:\/\/www.ernstbrunn-apotheke.at\/katalog\/wp-json\/wp\/v2\/product_cat?post=36251"},{"taxonomy":"product_tag","embeddable":true,"href":"https:\/\/www.ernstbrunn-apotheke.at\/katalog\/wp-json\/wp\/v2\/product_tag?post=36251"}],"curies":[{"name":"wp","href":"https:\/\/api.w.org\/{rel}","templated":true}]}}