{"id":36149,"date":"2025-11-10T12:50:13","date_gmt":"2025-11-10T11:50:13","guid":{"rendered":"https:\/\/www.ernstbrunn-apotheke.at\/katalog\/produkt\/bachblueten-flower-aid-kinder-globuli-10-g-gute-nacht\/"},"modified":"2025-12-08T15:40:37","modified_gmt":"2025-12-08T14:40:37","slug":"bachblueten-flower-aid-kinder-globuli-10-g-gute-nacht","status":"publish","type":"product","link":"https:\/\/www.ernstbrunn-apotheke.at\/katalog\/produkt\/bachblueten-flower-aid-kinder-globuli-10-g-gute-nacht\/","title":{"rendered":"Bachbl\u00fcten Flower Aid Kinder Globuli 10 g Gute Nacht"},"content":{"rendered":"<p>Bachbl\u00fcten Flower Aid Kinder Globuli unterst\u00fctzen emotionale und seelische Notf\u00e4lle speziell bei Kindern. Erste Hilfe aus der Natur<\/p>\n","protected":false},"excerpt":{"rendered":"<p>Bachbl\u00fcten Flower Aid Kinder Globuli unterst\u00fctzen emotionale und seelische Notf\u00e4lle speziell bei Kindern. Erste Hilfe aus der Natur<\/p>\n","protected":false},"featured_media":36151,"template":"","meta":{"_acf_changed":false},"product_brand":[],"product_cat":[802],"product_tag":[],"class_list":{"0":"post-36149","1":"product","2":"type-product","3":"status-publish","4":"has-post-thumbnail","6":"product_cat-b","7":"pa_packungsgroesse-10g","9":"first","10":"instock","11":"shipping-taxable","12":"purchasable","13":"product-type-simple"},"acf":[],"_links":{"self":[{"href":"https:\/\/www.ernstbrunn-apotheke.at\/katalog\/wp-json\/wp\/v2\/product\/36149","targetHints":{"allow":["GET"]}}],"collection":[{"href":"https:\/\/www.ernstbrunn-apotheke.at\/katalog\/wp-json\/wp\/v2\/product"}],"about":[{"href":"https:\/\/www.ernstbrunn-apotheke.at\/katalog\/wp-json\/wp\/v2\/types\/product"}],"wp:featuredmedia":[{"embeddable":true,"href":"https:\/\/www.ernstbrunn-apotheke.at\/katalog\/wp-json\/wp\/v2\/media\/36151"}],"wp:attachment":[{"href":"https:\/\/www.ernstbrunn-apotheke.at\/katalog\/wp-json\/wp\/v2\/media?parent=36149"}],"wp:term":[{"taxonomy":"product_brand","embeddable":true,"href":"https:\/\/www.ernstbrunn-apotheke.at\/katalog\/wp-json\/wp\/v2\/product_brand?post=36149"},{"taxonomy":"product_cat","embeddable":true,"href":"https:\/\/www.ernstbrunn-apotheke.at\/katalog\/wp-json\/wp\/v2\/product_cat?post=36149"},{"taxonomy":"product_tag","embeddable":true,"href":"https:\/\/www.ernstbrunn-apotheke.at\/katalog\/wp-json\/wp\/v2\/product_tag?post=36149"}],"curies":[{"name":"wp","href":"https:\/\/api.w.org\/{rel}","templated":true}]}}