{"id":36108,"date":"2025-11-10T12:49:42","date_gmt":"2025-11-10T11:49:42","guid":{"rendered":"https:\/\/www.ernstbrunn-apotheke.at\/katalog\/produkt\/bachbluete-rescue-pastillen-klosterfrau-johannisbeere-50-g\/"},"modified":"2025-12-08T15:40:23","modified_gmt":"2025-12-08T14:40:23","slug":"bachbluete-rescue-pastillen-klosterfrau-johannisbeere-50-g","status":"publish","type":"product","link":"https:\/\/www.ernstbrunn-apotheke.at\/katalog\/produkt\/bachbluete-rescue-pastillen-klosterfrau-johannisbeere-50-g\/","title":{"rendered":"Bachbl\u00fcte Rescue Pastillen Klosterfrau Johannisbeere 50 g"},"content":{"rendered":"<p>Bachbl\u00fcten Klosterfrau Rescue Pastillen sind der ideale Begleiter in anspruchsvollen Alltagssituationen, wie in der Schule oder in der Arbeit. In \u00fcber 45 L\u00e4ndern vertrauen Kunden in emotional aufregenden Lebenslagen der bew\u00e4hrten Mischung..<\/p>\n","protected":false},"excerpt":{"rendered":"<p>Bachbl\u00fcten Klosterfrau Rescue Pastillen sind der ideale Begleiter in anspruchsvollen Alltagssituationen, wie in der Schule oder in der Arbeit. In \u00fcber 45 L\u00e4ndern vertrauen Kunden in emotional aufregenden Lebenslagen der bew\u00e4hrten Mischung..<\/p>\n","protected":false},"featured_media":36110,"template":"","meta":{"_acf_changed":false},"product_brand":[447],"product_cat":[802],"product_tag":[],"class_list":{"0":"post-36108","1":"product","2":"type-product","3":"status-publish","4":"has-post-thumbnail","6":"product_brand-doskar","7":"product_cat-b","8":"pa_packungsgroesse-50g","10":"first","11":"instock","12":"shipping-taxable","13":"purchasable","14":"product-type-simple"},"acf":[],"_links":{"self":[{"href":"https:\/\/www.ernstbrunn-apotheke.at\/katalog\/wp-json\/wp\/v2\/product\/36108","targetHints":{"allow":["GET"]}}],"collection":[{"href":"https:\/\/www.ernstbrunn-apotheke.at\/katalog\/wp-json\/wp\/v2\/product"}],"about":[{"href":"https:\/\/www.ernstbrunn-apotheke.at\/katalog\/wp-json\/wp\/v2\/types\/product"}],"wp:featuredmedia":[{"embeddable":true,"href":"https:\/\/www.ernstbrunn-apotheke.at\/katalog\/wp-json\/wp\/v2\/media\/36110"}],"wp:attachment":[{"href":"https:\/\/www.ernstbrunn-apotheke.at\/katalog\/wp-json\/wp\/v2\/media?parent=36108"}],"wp:term":[{"taxonomy":"product_brand","embeddable":true,"href":"https:\/\/www.ernstbrunn-apotheke.at\/katalog\/wp-json\/wp\/v2\/product_brand?post=36108"},{"taxonomy":"product_cat","embeddable":true,"href":"https:\/\/www.ernstbrunn-apotheke.at\/katalog\/wp-json\/wp\/v2\/product_cat?post=36108"},{"taxonomy":"product_tag","embeddable":true,"href":"https:\/\/www.ernstbrunn-apotheke.at\/katalog\/wp-json\/wp\/v2\/product_tag?post=36108"}],"curies":[{"name":"wp","href":"https:\/\/api.w.org\/{rel}","templated":true}]}}