{"id":36086,"date":"2025-11-10T12:49:01","date_gmt":"2025-11-10T11:49:01","guid":{"rendered":"https:\/\/www.ernstbrunn-apotheke.at\/katalog\/produkt\/sonnentor-aetherisches-oel-sonnenschein-10-ml\/"},"modified":"2025-12-08T15:40:12","modified_gmt":"2025-12-08T14:40:12","slug":"sonnentor-aetherisches-oel-sonnenschein-10-ml","status":"publish","type":"product","link":"https:\/\/www.ernstbrunn-apotheke.at\/katalog\/produkt\/sonnentor-aetherisches-oel-sonnenschein-10-ml\/","title":{"rendered":"Sonnentor \u00c4therisches \u00d6l Sonnenschein 10 ml"},"content":{"rendered":"<p>Das Sonnentor Sonnenschein Sauna\u00f6l \u00e4therisches \u00d6l erfrischt und belebt mit Orange und Bergamotte f\u00fcr neue Herausforderungen. Die Einsatzm\u00f6glichkeiten sind so sch\u00f6n wie vielf\u00e4ltig: Nicht nur f\u00fcr die Sauna, auch f\u00fcr die Duftlampe oder zum Mischen von K\u00f6rper\u00f6len eignet sich die Essenz aus reinsten Pflanzenextrakten. Ganz ohne k\u00fcnstliche Zus\u00e4tze. Nicht zur Einnahme bestimmt!.<\/p>\n","protected":false},"excerpt":{"rendered":"<p>Das Sonnentor Sonnenschein Sauna\u00f6l \u00e4therisches \u00d6l erfrischt und belebt mit Orange und Bergamotte f\u00fcr neue Herausforderungen. Die Einsatzm\u00f6glichkeiten sind so sch\u00f6n wie vielf\u00e4ltig: Nicht nur f\u00fcr die Sauna, auch f\u00fcr die Duftlampe oder zum Mischen von K\u00f6rper\u00f6len eignet sich die Essenz aus reinsten Pflanzenextrakten. Ganz ohne k\u00fcnstliche Zus\u00e4tze. Nicht zur Einnahme bestimmt!.<\/p>\n","protected":false},"featured_media":36088,"template":"","meta":{"_acf_changed":false},"product_brand":[925],"product_cat":[791],"product_tag":[],"class_list":{"0":"post-36086","1":"product","2":"type-product","3":"status-publish","4":"has-post-thumbnail","6":"product_brand-sonnentor","7":"product_cat-s","8":"pa_packungsgroesse-10ml","10":"first","11":"instock","12":"shipping-taxable","13":"purchasable","14":"product-type-simple"},"acf":[],"_links":{"self":[{"href":"https:\/\/www.ernstbrunn-apotheke.at\/katalog\/wp-json\/wp\/v2\/product\/36086","targetHints":{"allow":["GET"]}}],"collection":[{"href":"https:\/\/www.ernstbrunn-apotheke.at\/katalog\/wp-json\/wp\/v2\/product"}],"about":[{"href":"https:\/\/www.ernstbrunn-apotheke.at\/katalog\/wp-json\/wp\/v2\/types\/product"}],"wp:featuredmedia":[{"embeddable":true,"href":"https:\/\/www.ernstbrunn-apotheke.at\/katalog\/wp-json\/wp\/v2\/media\/36088"}],"wp:attachment":[{"href":"https:\/\/www.ernstbrunn-apotheke.at\/katalog\/wp-json\/wp\/v2\/media?parent=36086"}],"wp:term":[{"taxonomy":"product_brand","embeddable":true,"href":"https:\/\/www.ernstbrunn-apotheke.at\/katalog\/wp-json\/wp\/v2\/product_brand?post=36086"},{"taxonomy":"product_cat","embeddable":true,"href":"https:\/\/www.ernstbrunn-apotheke.at\/katalog\/wp-json\/wp\/v2\/product_cat?post=36086"},{"taxonomy":"product_tag","embeddable":true,"href":"https:\/\/www.ernstbrunn-apotheke.at\/katalog\/wp-json\/wp\/v2\/product_tag?post=36086"}],"curies":[{"name":"wp","href":"https:\/\/api.w.org\/{rel}","templated":true}]}}