{"id":36083,"date":"2025-11-10T12:49:01","date_gmt":"2025-11-10T11:49:01","guid":{"rendered":"https:\/\/www.ernstbrunn-apotheke.at\/katalog\/produkt\/apofit-aetherisches-oel-cypresse-10-ml\/"},"modified":"2025-12-08T15:40:11","modified_gmt":"2025-12-08T14:40:11","slug":"apofit-aetherisches-oel-cypresse-10-ml","status":"publish","type":"product","link":"https:\/\/www.ernstbrunn-apotheke.at\/katalog\/produkt\/apofit-aetherisches-oel-cypresse-10-ml\/","title":{"rendered":"Apofit \u00c4therisches \u00d6l Cypresse 10 ml"},"content":{"rendered":"<p>Apofit \u00c4therisches \u00d6l Cypresse wird aus den Zweigspitzen und Zapfen durch Destillation gewonnen. Das \u00d6l wirkt schwei\u00dfhemmend und gef\u00e4ssverengend und ist au\u00dferdem hilfreich bei Krampfadern und Cellulite. Wegen seines holzig, w\u00fcrzigen Geruchs wird Zypresse es gerne f\u00fcr Bademischungen verwendet. Nicht zur Einnahme bestimmt!.<\/p>\n","protected":false},"excerpt":{"rendered":"<p>Apofit \u00c4therisches \u00d6l Cypresse wird aus den Zweigspitzen und Zapfen durch Destillation gewonnen. Das \u00d6l wirkt schwei\u00dfhemmend und gef\u00e4ssverengend und ist au\u00dferdem hilfreich bei Krampfadern und Cellulite. Wegen seines holzig, w\u00fcrzigen Geruchs wird Zypresse es gerne f\u00fcr Bademischungen verwendet. Nicht zur Einnahme bestimmt!.<\/p>\n","protected":false},"featured_media":36085,"template":"","meta":{"_acf_changed":false},"product_brand":[584],"product_cat":[801],"product_tag":[],"class_list":{"0":"post-36083","1":"product","2":"type-product","3":"status-publish","4":"has-post-thumbnail","6":"product_brand-apofit","7":"product_cat-a","8":"pa_packungsgroesse-10ml","10":"first","11":"instock","12":"shipping-taxable","13":"purchasable","14":"product-type-simple"},"acf":[],"_links":{"self":[{"href":"https:\/\/www.ernstbrunn-apotheke.at\/katalog\/wp-json\/wp\/v2\/product\/36083","targetHints":{"allow":["GET"]}}],"collection":[{"href":"https:\/\/www.ernstbrunn-apotheke.at\/katalog\/wp-json\/wp\/v2\/product"}],"about":[{"href":"https:\/\/www.ernstbrunn-apotheke.at\/katalog\/wp-json\/wp\/v2\/types\/product"}],"wp:featuredmedia":[{"embeddable":true,"href":"https:\/\/www.ernstbrunn-apotheke.at\/katalog\/wp-json\/wp\/v2\/media\/36085"}],"wp:attachment":[{"href":"https:\/\/www.ernstbrunn-apotheke.at\/katalog\/wp-json\/wp\/v2\/media?parent=36083"}],"wp:term":[{"taxonomy":"product_brand","embeddable":true,"href":"https:\/\/www.ernstbrunn-apotheke.at\/katalog\/wp-json\/wp\/v2\/product_brand?post=36083"},{"taxonomy":"product_cat","embeddable":true,"href":"https:\/\/www.ernstbrunn-apotheke.at\/katalog\/wp-json\/wp\/v2\/product_cat?post=36083"},{"taxonomy":"product_tag","embeddable":true,"href":"https:\/\/www.ernstbrunn-apotheke.at\/katalog\/wp-json\/wp\/v2\/product_tag?post=36083"}],"curies":[{"name":"wp","href":"https:\/\/api.w.org\/{rel}","templated":true}]}}