{"id":36068,"date":"2025-11-10T12:49:01","date_gmt":"2025-11-10T11:49:01","guid":{"rendered":"https:\/\/www.ernstbrunn-apotheke.at\/katalog\/produkt\/styx-oelmischung-china-mineralquellenprodukt-100-ml\/"},"modified":"2025-12-08T15:40:05","modified_gmt":"2025-12-08T14:40:05","slug":"styx-oelmischung-china-mineralquellenprodukt-100-ml","status":"publish","type":"product","link":"https:\/\/www.ernstbrunn-apotheke.at\/katalog\/produkt\/styx-oelmischung-china-mineralquellenprodukt-100-ml\/","title":{"rendered":"Styx \u00d6lmischung China Mineralquellenprodukt 100 ml"},"content":{"rendered":"<p>Das original chinesische Minz\u00f6l wird mit reinem australischem Teebaum\u00f6l gemischt. Es f\u00f6rdert Wohlbefinden und Widerstandskraft.Chin Min Minz\u00f6l \u2013 k\u00fchlt, belebt und aktiviert. Laufen, wandern, Krafttraining: Beim Sport testen wir oft unsere k\u00f6rperlichen Grenzen aus. Die Chin Min Pflegeserie von STYX Naturcosmetic unterst\u00fctzt Sie bei sportlichen Herausforderungen! Das chinesische Minz\u00f6l f\u00f6rdert eine schnelle Regeneration bei Muskelkater, \u00dcberanstrengung und Sportverletzungen \u2013 f\u00fcr mehr Wohlbefinden und Widerstandskraft. .<\/p>\n","protected":false},"excerpt":{"rendered":"<p>Das original chinesische Minz\u00f6l wird mit reinem australischem Teebaum\u00f6l gemischt. Es f\u00f6rdert Wohlbefinden und Widerstandskraft.Chin Min Minz\u00f6l \u2013 k\u00fchlt, belebt und aktiviert. Laufen, wandern, Krafttraining: Beim Sport testen wir oft unsere k\u00f6rperlichen Grenzen aus. Die Chin Min Pflegeserie von STYX Naturcosmetic unterst\u00fctzt Sie bei sportlichen Herausforderungen! Das chinesische Minz\u00f6l f\u00f6rdert eine schnelle Regeneration bei Muskelkater, [&hellip;]<\/p>\n","protected":false},"featured_media":36070,"template":"","meta":{"_acf_changed":false},"product_brand":[],"product_cat":[791],"product_tag":[],"class_list":{"0":"post-36068","1":"product","2":"type-product","3":"status-publish","4":"has-post-thumbnail","6":"product_cat-s","7":"pa_packungsgroesse-100ml","9":"first","10":"instock","11":"shipping-taxable","12":"purchasable","13":"product-type-simple"},"acf":[],"_links":{"self":[{"href":"https:\/\/www.ernstbrunn-apotheke.at\/katalog\/wp-json\/wp\/v2\/product\/36068","targetHints":{"allow":["GET"]}}],"collection":[{"href":"https:\/\/www.ernstbrunn-apotheke.at\/katalog\/wp-json\/wp\/v2\/product"}],"about":[{"href":"https:\/\/www.ernstbrunn-apotheke.at\/katalog\/wp-json\/wp\/v2\/types\/product"}],"wp:featuredmedia":[{"embeddable":true,"href":"https:\/\/www.ernstbrunn-apotheke.at\/katalog\/wp-json\/wp\/v2\/media\/36070"}],"wp:attachment":[{"href":"https:\/\/www.ernstbrunn-apotheke.at\/katalog\/wp-json\/wp\/v2\/media?parent=36068"}],"wp:term":[{"taxonomy":"product_brand","embeddable":true,"href":"https:\/\/www.ernstbrunn-apotheke.at\/katalog\/wp-json\/wp\/v2\/product_brand?post=36068"},{"taxonomy":"product_cat","embeddable":true,"href":"https:\/\/www.ernstbrunn-apotheke.at\/katalog\/wp-json\/wp\/v2\/product_cat?post=36068"},{"taxonomy":"product_tag","embeddable":true,"href":"https:\/\/www.ernstbrunn-apotheke.at\/katalog\/wp-json\/wp\/v2\/product_tag?post=36068"}],"curies":[{"name":"wp","href":"https:\/\/api.w.org\/{rel}","templated":true}]}}