{"id":36003,"date":"2025-11-10T12:47:42","date_gmt":"2025-11-10T11:47:42","guid":{"rendered":"https:\/\/www.ernstbrunn-apotheke.at\/katalog\/produkt\/aetherisches-oel-aethera-10-ml-grapefruit\/"},"modified":"2025-12-08T15:39:50","modified_gmt":"2025-12-08T14:39:50","slug":"aetherisches-oel-aethera-10-ml-grapefruit","status":"publish","type":"product","link":"https:\/\/www.ernstbrunn-apotheke.at\/katalog\/produkt\/aetherisches-oel-aethera-10-ml-grapefruit\/","title":{"rendered":"\u00c4therisches \u00d6l Aethera 10 ml Grapefruit"},"content":{"rendered":"<p>\u00c4therisches \u00d6l Aethera definiert sich durch einen leichten, spritzigen, frischen und bitter-s\u00fc\u00dfen Duftgeschmack. Es wirkt vitalisierend und regt zudem die Durchblutung und das Lymphsystem an. Zudem weckt es Lebensgeister, wirkt leicht euphorisierend und kann zudem Gef\u00fchle und Kreativit\u00e4t befl\u00fcgeln. \u00c4therisches \u00d6l Aethera 10 ml Zirben.<\/p>\n","protected":false},"excerpt":{"rendered":"<p>\u00c4therisches \u00d6l Aethera definiert sich durch einen leichten, spritzigen, frischen und bitter-s\u00fc\u00dfen Duftgeschmack. Es wirkt vitalisierend und regt zudem die Durchblutung und das Lymphsystem an. Zudem weckt es Lebensgeister, wirkt leicht euphorisierend und kann zudem Gef\u00fchle und Kreativit\u00e4t befl\u00fcgeln. \u00c4therisches \u00d6l Aethera 10 ml Zirben.<\/p>\n","protected":false},"featured_media":36005,"template":"","meta":{"_acf_changed":false},"product_brand":[],"product_cat":[801],"product_tag":[],"class_list":{"0":"post-36003","1":"product","2":"type-product","3":"status-publish","4":"has-post-thumbnail","6":"product_cat-a","7":"pa_packungsgroesse-10ml","9":"first","10":"instock","11":"shipping-taxable","12":"purchasable","13":"product-type-simple"},"acf":[],"_links":{"self":[{"href":"https:\/\/www.ernstbrunn-apotheke.at\/katalog\/wp-json\/wp\/v2\/product\/36003","targetHints":{"allow":["GET"]}}],"collection":[{"href":"https:\/\/www.ernstbrunn-apotheke.at\/katalog\/wp-json\/wp\/v2\/product"}],"about":[{"href":"https:\/\/www.ernstbrunn-apotheke.at\/katalog\/wp-json\/wp\/v2\/types\/product"}],"wp:featuredmedia":[{"embeddable":true,"href":"https:\/\/www.ernstbrunn-apotheke.at\/katalog\/wp-json\/wp\/v2\/media\/36005"}],"wp:attachment":[{"href":"https:\/\/www.ernstbrunn-apotheke.at\/katalog\/wp-json\/wp\/v2\/media?parent=36003"}],"wp:term":[{"taxonomy":"product_brand","embeddable":true,"href":"https:\/\/www.ernstbrunn-apotheke.at\/katalog\/wp-json\/wp\/v2\/product_brand?post=36003"},{"taxonomy":"product_cat","embeddable":true,"href":"https:\/\/www.ernstbrunn-apotheke.at\/katalog\/wp-json\/wp\/v2\/product_cat?post=36003"},{"taxonomy":"product_tag","embeddable":true,"href":"https:\/\/www.ernstbrunn-apotheke.at\/katalog\/wp-json\/wp\/v2\/product_tag?post=36003"}],"curies":[{"name":"wp","href":"https:\/\/api.w.org\/{rel}","templated":true}]}}