{"id":35976,"date":"2025-11-10T12:47:42","date_gmt":"2025-11-10T11:47:42","guid":{"rendered":"https:\/\/www.ernstbrunn-apotheke.at\/katalog\/produkt\/apofit-aetherisches-oel-myrrhe-10-ml\/"},"modified":"2025-12-08T15:39:45","modified_gmt":"2025-12-08T14:39:45","slug":"apofit-aetherisches-oel-myrrhe-10-ml","status":"publish","type":"product","link":"https:\/\/www.ernstbrunn-apotheke.at\/katalog\/produkt\/apofit-aetherisches-oel-myrrhe-10-ml\/","title":{"rendered":"Apofit \u00c4therisches \u00d6l Myrrhe 10 ml"},"content":{"rendered":"<p>Apofit \u00c4therisches \u00d6l Myrrhe wirkt desinfizierend f\u00fcr Mund und Rachen. Dar\u00fcber hinaus erleichtert im Aromager\u00e4t vernebeltes Myrrhe\u00f6l die Meditation und unterst\u00fctzt die Verbindung in die geistige Welt. Es hat eine reinigende Wirkung und entspannt und beruhigt Psyche und Seele. Nicht zur Einnahme bestimmt!.<\/p>\n","protected":false},"excerpt":{"rendered":"<p>Apofit \u00c4therisches \u00d6l Myrrhe wirkt desinfizierend f\u00fcr Mund und Rachen. Dar\u00fcber hinaus erleichtert im Aromager\u00e4t vernebeltes Myrrhe\u00f6l die Meditation und unterst\u00fctzt die Verbindung in die geistige Welt. Es hat eine reinigende Wirkung und entspannt und beruhigt Psyche und Seele. Nicht zur Einnahme bestimmt!.<\/p>\n","protected":false},"featured_media":35978,"template":"","meta":{"_acf_changed":false},"product_brand":[584],"product_cat":[801],"product_tag":[],"class_list":{"0":"post-35976","1":"product","2":"type-product","3":"status-publish","4":"has-post-thumbnail","6":"product_brand-apofit","7":"product_cat-a","8":"pa_packungsgroesse-10ml","10":"first","11":"instock","12":"shipping-taxable","13":"purchasable","14":"product-type-simple"},"acf":[],"_links":{"self":[{"href":"https:\/\/www.ernstbrunn-apotheke.at\/katalog\/wp-json\/wp\/v2\/product\/35976","targetHints":{"allow":["GET"]}}],"collection":[{"href":"https:\/\/www.ernstbrunn-apotheke.at\/katalog\/wp-json\/wp\/v2\/product"}],"about":[{"href":"https:\/\/www.ernstbrunn-apotheke.at\/katalog\/wp-json\/wp\/v2\/types\/product"}],"wp:featuredmedia":[{"embeddable":true,"href":"https:\/\/www.ernstbrunn-apotheke.at\/katalog\/wp-json\/wp\/v2\/media\/35978"}],"wp:attachment":[{"href":"https:\/\/www.ernstbrunn-apotheke.at\/katalog\/wp-json\/wp\/v2\/media?parent=35976"}],"wp:term":[{"taxonomy":"product_brand","embeddable":true,"href":"https:\/\/www.ernstbrunn-apotheke.at\/katalog\/wp-json\/wp\/v2\/product_brand?post=35976"},{"taxonomy":"product_cat","embeddable":true,"href":"https:\/\/www.ernstbrunn-apotheke.at\/katalog\/wp-json\/wp\/v2\/product_cat?post=35976"},{"taxonomy":"product_tag","embeddable":true,"href":"https:\/\/www.ernstbrunn-apotheke.at\/katalog\/wp-json\/wp\/v2\/product_tag?post=35976"}],"curies":[{"name":"wp","href":"https:\/\/api.w.org\/{rel}","templated":true}]}}