{"id":35951,"date":"2025-11-10T12:46:43","date_gmt":"2025-11-10T11:46:43","guid":{"rendered":"https:\/\/www.ernstbrunn-apotheke.at\/katalog\/produkt\/puressentiel-entspannter-schlaf-spray-75-ml\/"},"modified":"2025-12-08T15:39:37","modified_gmt":"2025-12-08T14:39:37","slug":"puressentiel-entspannter-schlaf-spray-75-ml","status":"publish","type":"product","link":"https:\/\/www.ernstbrunn-apotheke.at\/katalog\/produkt\/puressentiel-entspannter-schlaf-spray-75-ml\/","title":{"rendered":"Puressentiel Entspannter Schlaf Spray 75 ml"},"content":{"rendered":"<p>Puressentiel Entspannter Schlaf Spray 75 ml mit 12 \u00e4therischen \u00d6len sorgt f\u00fcr guten Schlaf und erholsame N\u00e4chte. Einfach in der Anwendung \u2013 effektiv in der Wirkung: Einfach den Spray vor dem Schlafengehen im Schlafzimmer verspr\u00fchen oder auf einem Taschentuch aufgespr\u00fcht auf das Kopfkissen geben, so dass die \u00e4therischen \u00d6le die Nacht \u00fcber eingeatmet werden k\u00f6nnen &#8211; alle Produkte von Puressentiel mit hohem Rabatt bestellen!<\/p>\n","protected":false},"excerpt":{"rendered":"<p>Puressentiel Entspannter Schlaf Spray 75 ml mit 12 \u00e4therischen \u00d6len sorgt f\u00fcr guten Schlaf und erholsame N\u00e4chte. Einfach in der Anwendung \u2013 effektiv in der Wirkung: Einfach den Spray vor dem Schlafengehen im Schlafzimmer verspr\u00fchen oder auf einem Taschentuch aufgespr\u00fcht auf das Kopfkissen geben, so dass die \u00e4therischen \u00d6le die Nacht \u00fcber eingeatmet werden k\u00f6nnen [&hellip;]<\/p>\n","protected":false},"featured_media":35953,"template":"","meta":{"_acf_changed":false},"product_brand":[],"product_cat":[793],"product_tag":[],"class_list":{"0":"post-35951","1":"product","2":"type-product","3":"status-publish","4":"has-post-thumbnail","6":"product_cat-p","7":"pa_packungsgroesse-75ml","9":"first","10":"instock","11":"shipping-taxable","12":"purchasable","13":"product-type-simple"},"acf":[],"_links":{"self":[{"href":"https:\/\/www.ernstbrunn-apotheke.at\/katalog\/wp-json\/wp\/v2\/product\/35951","targetHints":{"allow":["GET"]}}],"collection":[{"href":"https:\/\/www.ernstbrunn-apotheke.at\/katalog\/wp-json\/wp\/v2\/product"}],"about":[{"href":"https:\/\/www.ernstbrunn-apotheke.at\/katalog\/wp-json\/wp\/v2\/types\/product"}],"wp:featuredmedia":[{"embeddable":true,"href":"https:\/\/www.ernstbrunn-apotheke.at\/katalog\/wp-json\/wp\/v2\/media\/35953"}],"wp:attachment":[{"href":"https:\/\/www.ernstbrunn-apotheke.at\/katalog\/wp-json\/wp\/v2\/media?parent=35951"}],"wp:term":[{"taxonomy":"product_brand","embeddable":true,"href":"https:\/\/www.ernstbrunn-apotheke.at\/katalog\/wp-json\/wp\/v2\/product_brand?post=35951"},{"taxonomy":"product_cat","embeddable":true,"href":"https:\/\/www.ernstbrunn-apotheke.at\/katalog\/wp-json\/wp\/v2\/product_cat?post=35951"},{"taxonomy":"product_tag","embeddable":true,"href":"https:\/\/www.ernstbrunn-apotheke.at\/katalog\/wp-json\/wp\/v2\/product_tag?post=35951"}],"curies":[{"name":"wp","href":"https:\/\/api.w.org\/{rel}","templated":true}]}}