{"id":35912,"date":"2025-11-10T12:45:46","date_gmt":"2025-11-10T11:45:46","guid":{"rendered":"https:\/\/www.ernstbrunn-apotheke.at\/katalog\/produkt\/apofit-aetherisches-oel-majoran-10-ml\/"},"modified":"2025-12-08T15:39:27","modified_gmt":"2025-12-08T14:39:27","slug":"apofit-aetherisches-oel-majoran-10-ml","status":"publish","type":"product","link":"https:\/\/www.ernstbrunn-apotheke.at\/katalog\/produkt\/apofit-aetherisches-oel-majoran-10-ml\/","title":{"rendered":"Apofit \u00c4therisches \u00d6l Majoran 10 ml"},"content":{"rendered":"<p>Apofit \u00c4therisches \u00d6l Majoran hat zutiefst w\u00e4rmende Eigenschaften. Diese wirken auf Leib und Seele gleicherma\u00dfen lindernd und beruhigend. Das Aroma der \u00e4therischen \u00d6le wird bei Niedergeschlagenheit als besonders angenehm empfunden. Majoran\u00f6l lindert au\u00dferdem Verspannungen, Kopfschmerzen und Migr\u00e4ne. Nicht zur Einnahme bestimmt!.<\/p>\n","protected":false},"excerpt":{"rendered":"<p>Apofit \u00c4therisches \u00d6l Majoran hat zutiefst w\u00e4rmende Eigenschaften. Diese wirken auf Leib und Seele gleicherma\u00dfen lindernd und beruhigend. Das Aroma der \u00e4therischen \u00d6le wird bei Niedergeschlagenheit als besonders angenehm empfunden. Majoran\u00f6l lindert au\u00dferdem Verspannungen, Kopfschmerzen und Migr\u00e4ne. Nicht zur Einnahme bestimmt!.<\/p>\n","protected":false},"featured_media":35914,"template":"","meta":{"_acf_changed":false},"product_brand":[584],"product_cat":[801],"product_tag":[],"class_list":{"0":"post-35912","1":"product","2":"type-product","3":"status-publish","4":"has-post-thumbnail","6":"product_brand-apofit","7":"product_cat-a","8":"pa_packungsgroesse-10ml","10":"first","11":"instock","12":"shipping-taxable","13":"purchasable","14":"product-type-simple"},"acf":[],"_links":{"self":[{"href":"https:\/\/www.ernstbrunn-apotheke.at\/katalog\/wp-json\/wp\/v2\/product\/35912","targetHints":{"allow":["GET"]}}],"collection":[{"href":"https:\/\/www.ernstbrunn-apotheke.at\/katalog\/wp-json\/wp\/v2\/product"}],"about":[{"href":"https:\/\/www.ernstbrunn-apotheke.at\/katalog\/wp-json\/wp\/v2\/types\/product"}],"wp:featuredmedia":[{"embeddable":true,"href":"https:\/\/www.ernstbrunn-apotheke.at\/katalog\/wp-json\/wp\/v2\/media\/35914"}],"wp:attachment":[{"href":"https:\/\/www.ernstbrunn-apotheke.at\/katalog\/wp-json\/wp\/v2\/media?parent=35912"}],"wp:term":[{"taxonomy":"product_brand","embeddable":true,"href":"https:\/\/www.ernstbrunn-apotheke.at\/katalog\/wp-json\/wp\/v2\/product_brand?post=35912"},{"taxonomy":"product_cat","embeddable":true,"href":"https:\/\/www.ernstbrunn-apotheke.at\/katalog\/wp-json\/wp\/v2\/product_cat?post=35912"},{"taxonomy":"product_tag","embeddable":true,"href":"https:\/\/www.ernstbrunn-apotheke.at\/katalog\/wp-json\/wp\/v2\/product_tag?post=35912"}],"curies":[{"name":"wp","href":"https:\/\/api.w.org\/{rel}","templated":true}]}}