{"id":35830,"date":"2025-11-10T12:45:02","date_gmt":"2025-11-10T11:45:02","guid":{"rendered":"https:\/\/www.ernstbrunn-apotheke.at\/katalog\/produkt\/apofit-aetherisches-oel-mandarine-gruen-10-ml\/"},"modified":"2025-12-08T15:39:10","modified_gmt":"2025-12-08T14:39:10","slug":"apofit-aetherisches-oel-mandarine-gruen-10-ml","status":"publish","type":"product","link":"https:\/\/www.ernstbrunn-apotheke.at\/katalog\/produkt\/apofit-aetherisches-oel-mandarine-gruen-10-ml\/","title":{"rendered":"Apofit \u00c4therisches \u00d6l Mandarine Gr\u00fcn 10 ml"},"content":{"rendered":"<p>Apofit \u00c4therisches \u00d6l Mandarine Gr\u00fcn gl\u00e4nzt durch seine fruchtige Kopfnote und hebt Ihre Stimmung. Holen Sie sich neue Frische in Ihren Alltag und beleben Sie K\u00f6rper und Geist. Nicht zur Einnahme bestimmt!.<\/p>\n","protected":false},"excerpt":{"rendered":"<p>Apofit \u00c4therisches \u00d6l Mandarine Gr\u00fcn gl\u00e4nzt durch seine fruchtige Kopfnote und hebt Ihre Stimmung. Holen Sie sich neue Frische in Ihren Alltag und beleben Sie K\u00f6rper und Geist. Nicht zur Einnahme bestimmt!.<\/p>\n","protected":false},"featured_media":35832,"template":"","meta":{"_acf_changed":false},"product_brand":[584],"product_cat":[801],"product_tag":[],"class_list":{"0":"post-35830","1":"product","2":"type-product","3":"status-publish","4":"has-post-thumbnail","6":"product_brand-apofit","7":"product_cat-a","8":"pa_packungsgroesse-10ml","10":"first","11":"instock","12":"shipping-taxable","13":"purchasable","14":"product-type-simple"},"acf":[],"_links":{"self":[{"href":"https:\/\/www.ernstbrunn-apotheke.at\/katalog\/wp-json\/wp\/v2\/product\/35830","targetHints":{"allow":["GET"]}}],"collection":[{"href":"https:\/\/www.ernstbrunn-apotheke.at\/katalog\/wp-json\/wp\/v2\/product"}],"about":[{"href":"https:\/\/www.ernstbrunn-apotheke.at\/katalog\/wp-json\/wp\/v2\/types\/product"}],"wp:featuredmedia":[{"embeddable":true,"href":"https:\/\/www.ernstbrunn-apotheke.at\/katalog\/wp-json\/wp\/v2\/media\/35832"}],"wp:attachment":[{"href":"https:\/\/www.ernstbrunn-apotheke.at\/katalog\/wp-json\/wp\/v2\/media?parent=35830"}],"wp:term":[{"taxonomy":"product_brand","embeddable":true,"href":"https:\/\/www.ernstbrunn-apotheke.at\/katalog\/wp-json\/wp\/v2\/product_brand?post=35830"},{"taxonomy":"product_cat","embeddable":true,"href":"https:\/\/www.ernstbrunn-apotheke.at\/katalog\/wp-json\/wp\/v2\/product_cat?post=35830"},{"taxonomy":"product_tag","embeddable":true,"href":"https:\/\/www.ernstbrunn-apotheke.at\/katalog\/wp-json\/wp\/v2\/product_tag?post=35830"}],"curies":[{"name":"wp","href":"https:\/\/api.w.org\/{rel}","templated":true}]}}