{"id":35825,"date":"2025-11-10T12:45:02","date_gmt":"2025-11-10T11:45:02","guid":{"rendered":"https:\/\/www.ernstbrunn-apotheke.at\/katalog\/produkt\/melasan-aetherisches-oel-citronella-10-ml\/"},"modified":"2025-12-08T15:39:07","modified_gmt":"2025-12-08T14:39:07","slug":"melasan-aetherisches-oel-citronella-10-ml","status":"publish","type":"product","link":"https:\/\/www.ernstbrunn-apotheke.at\/katalog\/produkt\/melasan-aetherisches-oel-citronella-10-ml\/","title":{"rendered":"Melasan \u00c4therisches \u00d6l Citronella 10 ml"},"content":{"rendered":"<p>Melasan \u00c4therisches \u00d6l Citronella wird unter h\u00f6chsten Qualit\u00e4tskriterien hergestellt. Das \u00d6l zeichnet sich durch das breite Wirkungsspektrum aus. Nicht zur Einnahme bestimmt!.<\/p>\n","protected":false},"excerpt":{"rendered":"<p>Melasan \u00c4therisches \u00d6l Citronella wird unter h\u00f6chsten Qualit\u00e4tskriterien hergestellt. Das \u00d6l zeichnet sich durch das breite Wirkungsspektrum aus. Nicht zur Einnahme bestimmt!.<\/p>\n","protected":false},"featured_media":0,"template":"","meta":{"_acf_changed":false},"product_brand":[373],"product_cat":[800],"product_tag":[],"class_list":{"0":"post-35825","1":"product","2":"type-product","3":"status-publish","5":"product_brand-melasan","6":"product_cat-m","7":"pa_packungsgroesse-10ml","9":"first","10":"instock","11":"shipping-taxable","12":"purchasable","13":"product-type-simple"},"acf":[],"_links":{"self":[{"href":"https:\/\/www.ernstbrunn-apotheke.at\/katalog\/wp-json\/wp\/v2\/product\/35825","targetHints":{"allow":["GET"]}}],"collection":[{"href":"https:\/\/www.ernstbrunn-apotheke.at\/katalog\/wp-json\/wp\/v2\/product"}],"about":[{"href":"https:\/\/www.ernstbrunn-apotheke.at\/katalog\/wp-json\/wp\/v2\/types\/product"}],"wp:attachment":[{"href":"https:\/\/www.ernstbrunn-apotheke.at\/katalog\/wp-json\/wp\/v2\/media?parent=35825"}],"wp:term":[{"taxonomy":"product_brand","embeddable":true,"href":"https:\/\/www.ernstbrunn-apotheke.at\/katalog\/wp-json\/wp\/v2\/product_brand?post=35825"},{"taxonomy":"product_cat","embeddable":true,"href":"https:\/\/www.ernstbrunn-apotheke.at\/katalog\/wp-json\/wp\/v2\/product_cat?post=35825"},{"taxonomy":"product_tag","embeddable":true,"href":"https:\/\/www.ernstbrunn-apotheke.at\/katalog\/wp-json\/wp\/v2\/product_tag?post=35825"}],"curies":[{"name":"wp","href":"https:\/\/api.w.org\/{rel}","templated":true}]}}