{"id":35798,"date":"2025-11-10T12:44:00","date_gmt":"2025-11-10T11:44:00","guid":{"rendered":"https:\/\/www.ernstbrunn-apotheke.at\/katalog\/produkt\/apofit-aetherisches-oel-weisse-tanne-10-ml\/"},"modified":"2025-12-08T15:38:59","modified_gmt":"2025-12-08T14:38:59","slug":"apofit-aetherisches-oel-weisse-tanne-10-ml","status":"publish","type":"product","link":"https:\/\/www.ernstbrunn-apotheke.at\/katalog\/produkt\/apofit-aetherisches-oel-weisse-tanne-10-ml\/","title":{"rendered":"Apofit \u00c4therisches \u00d6l Wei\u00dfe Tanne 10 ml"},"content":{"rendered":"<p>Apofit \u00c4therisches \u00d6l Wei\u00dfe Tanne wird auf Grund der antiseptischen und durchblutungsf\u00f6rdernden Eigenschaften gerne bei Erk\u00e4ltungen, Schnupfen und Husten eingesetzt. Der balsamisch-s\u00fc\u00dfliche Duft der Wei\u00dftanne ist ein Seelentr\u00f6ster, besonders im Winter, wenn W\u00e4rme, Licht und Geborgenheit fehlen. Nicht zur Einnahme bestimmt!.<\/p>\n","protected":false},"excerpt":{"rendered":"<p>Apofit \u00c4therisches \u00d6l Wei\u00dfe Tanne wird auf Grund der antiseptischen und durchblutungsf\u00f6rdernden Eigenschaften gerne bei Erk\u00e4ltungen, Schnupfen und Husten eingesetzt. Der balsamisch-s\u00fc\u00dfliche Duft der Wei\u00dftanne ist ein Seelentr\u00f6ster, besonders im Winter, wenn W\u00e4rme, Licht und Geborgenheit fehlen. Nicht zur Einnahme bestimmt!.<\/p>\n","protected":false},"featured_media":35800,"template":"","meta":{"_acf_changed":false},"product_brand":[584],"product_cat":[801],"product_tag":[],"class_list":{"0":"post-35798","1":"product","2":"type-product","3":"status-publish","4":"has-post-thumbnail","6":"product_brand-apofit","7":"product_cat-a","8":"pa_packungsgroesse-10ml","10":"first","11":"instock","12":"shipping-taxable","13":"purchasable","14":"product-type-simple"},"acf":[],"_links":{"self":[{"href":"https:\/\/www.ernstbrunn-apotheke.at\/katalog\/wp-json\/wp\/v2\/product\/35798","targetHints":{"allow":["GET"]}}],"collection":[{"href":"https:\/\/www.ernstbrunn-apotheke.at\/katalog\/wp-json\/wp\/v2\/product"}],"about":[{"href":"https:\/\/www.ernstbrunn-apotheke.at\/katalog\/wp-json\/wp\/v2\/types\/product"}],"wp:featuredmedia":[{"embeddable":true,"href":"https:\/\/www.ernstbrunn-apotheke.at\/katalog\/wp-json\/wp\/v2\/media\/35800"}],"wp:attachment":[{"href":"https:\/\/www.ernstbrunn-apotheke.at\/katalog\/wp-json\/wp\/v2\/media?parent=35798"}],"wp:term":[{"taxonomy":"product_brand","embeddable":true,"href":"https:\/\/www.ernstbrunn-apotheke.at\/katalog\/wp-json\/wp\/v2\/product_brand?post=35798"},{"taxonomy":"product_cat","embeddable":true,"href":"https:\/\/www.ernstbrunn-apotheke.at\/katalog\/wp-json\/wp\/v2\/product_cat?post=35798"},{"taxonomy":"product_tag","embeddable":true,"href":"https:\/\/www.ernstbrunn-apotheke.at\/katalog\/wp-json\/wp\/v2\/product_tag?post=35798"}],"curies":[{"name":"wp","href":"https:\/\/api.w.org\/{rel}","templated":true}]}}