{"id":35773,"date":"2025-11-10T12:44:00","date_gmt":"2025-11-10T11:44:00","guid":{"rendered":"https:\/\/www.ernstbrunn-apotheke.at\/katalog\/produkt\/taoasis-baldini-bio-aroma-oreganooel-5-ml\/"},"modified":"2025-12-08T15:38:53","modified_gmt":"2025-12-08T14:38:53","slug":"taoasis-baldini-bio-aroma-oreganooel-5-ml","status":"publish","type":"product","link":"https:\/\/www.ernstbrunn-apotheke.at\/katalog\/produkt\/taoasis-baldini-bio-aroma-oreganooel-5-ml\/","title":{"rendered":"Taoasis Baldini Bio-Aroma Oregano\u00f6l 5 ml"},"content":{"rendered":"<p>Oregano ist ein Gew\u00fcrzkraut mit langer Tradition. Oregano wird traditionell in Eint\u00f6pfen und reichhaltigen Speisen verwendet. Bereits sein Aroma ist appetitanregend. Vor allem in der italienischen K\u00fcche findet sich Oregano in Bruschetta, Pizza oder Pasta und ist somit hier unverzichtbar. Das stark aromatische \u00d6l mit seiner leichten Sch\u00e4rfe passt gut in jedes Gem\u00fcsegericht und in Salatsaucen und ist eine besonders gute Zutat f\u00fcr die Zubereitung von Antipasti. Oregano harmoniert gut mit Orange, Lavendel und Lemongras. Sehr sparsam dosieren!<\/p>\n","protected":false},"excerpt":{"rendered":"<p>Oregano ist ein Gew\u00fcrzkraut mit langer Tradition. Oregano wird traditionell in Eint\u00f6pfen und reichhaltigen Speisen verwendet. Bereits sein Aroma ist appetitanregend. Vor allem in der italienischen K\u00fcche findet sich Oregano in Bruschetta, Pizza oder Pasta und ist somit hier unverzichtbar. Das stark aromatische \u00d6l mit seiner leichten Sch\u00e4rfe passt gut in jedes Gem\u00fcsegericht und in [&hellip;]<\/p>\n","protected":false},"featured_media":35775,"template":"","meta":{"_acf_changed":false},"product_brand":[577],"product_cat":[798],"product_tag":[],"class_list":{"0":"post-35773","1":"product","2":"type-product","3":"status-publish","4":"has-post-thumbnail","6":"product_brand-taoasis","7":"product_cat-t","8":"pa_packungsgroesse-5ml","10":"first","11":"instock","12":"shipping-taxable","13":"purchasable","14":"product-type-simple"},"acf":[],"_links":{"self":[{"href":"https:\/\/www.ernstbrunn-apotheke.at\/katalog\/wp-json\/wp\/v2\/product\/35773","targetHints":{"allow":["GET"]}}],"collection":[{"href":"https:\/\/www.ernstbrunn-apotheke.at\/katalog\/wp-json\/wp\/v2\/product"}],"about":[{"href":"https:\/\/www.ernstbrunn-apotheke.at\/katalog\/wp-json\/wp\/v2\/types\/product"}],"wp:featuredmedia":[{"embeddable":true,"href":"https:\/\/www.ernstbrunn-apotheke.at\/katalog\/wp-json\/wp\/v2\/media\/35775"}],"wp:attachment":[{"href":"https:\/\/www.ernstbrunn-apotheke.at\/katalog\/wp-json\/wp\/v2\/media?parent=35773"}],"wp:term":[{"taxonomy":"product_brand","embeddable":true,"href":"https:\/\/www.ernstbrunn-apotheke.at\/katalog\/wp-json\/wp\/v2\/product_brand?post=35773"},{"taxonomy":"product_cat","embeddable":true,"href":"https:\/\/www.ernstbrunn-apotheke.at\/katalog\/wp-json\/wp\/v2\/product_cat?post=35773"},{"taxonomy":"product_tag","embeddable":true,"href":"https:\/\/www.ernstbrunn-apotheke.at\/katalog\/wp-json\/wp\/v2\/product_tag?post=35773"}],"curies":[{"name":"wp","href":"https:\/\/api.w.org\/{rel}","templated":true}]}}