{"id":35767,"date":"2025-11-10T12:44:00","date_gmt":"2025-11-10T11:44:00","guid":{"rendered":"https:\/\/www.ernstbrunn-apotheke.at\/katalog\/produkt\/apofit-aetherisches-oel-sandelholz-10-ml\/"},"modified":"2025-12-08T15:38:50","modified_gmt":"2025-12-08T14:38:50","slug":"apofit-aetherisches-oel-sandelholz-10-ml","status":"publish","type":"product","link":"https:\/\/www.ernstbrunn-apotheke.at\/katalog\/produkt\/apofit-aetherisches-oel-sandelholz-10-ml\/","title":{"rendered":"Apofit \u00c4therisches \u00d6l Sandelholz 10 ml"},"content":{"rendered":"<p>Apofit \u00c4therisches \u00d6l Sandelholz wirkt mit dem exotischen, warmen und balsamischen Duftcharakter beruhigend und entspannend bei Stress und \u00c4ngsten. Zudem ist das \u00d6l eine gesch\u00e4tzte Zutat im Ayurveda da es antiseptisch und wohltuend auf trockener, juckender und unreiner Haut wirkt. Nicht zur Einnahme bestimmt!.<\/p>\n","protected":false},"excerpt":{"rendered":"<p>Apofit \u00c4therisches \u00d6l Sandelholz wirkt mit dem exotischen, warmen und balsamischen Duftcharakter beruhigend und entspannend bei Stress und \u00c4ngsten. Zudem ist das \u00d6l eine gesch\u00e4tzte Zutat im Ayurveda da es antiseptisch und wohltuend auf trockener, juckender und unreiner Haut wirkt. Nicht zur Einnahme bestimmt!.<\/p>\n","protected":false},"featured_media":35769,"template":"","meta":{"_acf_changed":false},"product_brand":[584],"product_cat":[801],"product_tag":[],"class_list":{"0":"post-35767","1":"product","2":"type-product","3":"status-publish","4":"has-post-thumbnail","6":"product_brand-apofit","7":"product_cat-a","8":"pa_packungsgroesse-1ml","10":"first","11":"instock","12":"shipping-taxable","13":"purchasable","14":"product-type-simple"},"acf":[],"_links":{"self":[{"href":"https:\/\/www.ernstbrunn-apotheke.at\/katalog\/wp-json\/wp\/v2\/product\/35767","targetHints":{"allow":["GET"]}}],"collection":[{"href":"https:\/\/www.ernstbrunn-apotheke.at\/katalog\/wp-json\/wp\/v2\/product"}],"about":[{"href":"https:\/\/www.ernstbrunn-apotheke.at\/katalog\/wp-json\/wp\/v2\/types\/product"}],"wp:featuredmedia":[{"embeddable":true,"href":"https:\/\/www.ernstbrunn-apotheke.at\/katalog\/wp-json\/wp\/v2\/media\/35769"}],"wp:attachment":[{"href":"https:\/\/www.ernstbrunn-apotheke.at\/katalog\/wp-json\/wp\/v2\/media?parent=35767"}],"wp:term":[{"taxonomy":"product_brand","embeddable":true,"href":"https:\/\/www.ernstbrunn-apotheke.at\/katalog\/wp-json\/wp\/v2\/product_brand?post=35767"},{"taxonomy":"product_cat","embeddable":true,"href":"https:\/\/www.ernstbrunn-apotheke.at\/katalog\/wp-json\/wp\/v2\/product_cat?post=35767"},{"taxonomy":"product_tag","embeddable":true,"href":"https:\/\/www.ernstbrunn-apotheke.at\/katalog\/wp-json\/wp\/v2\/product_tag?post=35767"}],"curies":[{"name":"wp","href":"https:\/\/api.w.org\/{rel}","templated":true}]}}