{"id":35742,"date":"2025-11-10T12:42:50","date_gmt":"2025-11-10T11:42:50","guid":{"rendered":"https:\/\/www.ernstbrunn-apotheke.at\/katalog\/produkt\/apofit-aetherisches-oel-basilikum-10-ml\/"},"modified":"2025-12-08T15:38:45","modified_gmt":"2025-12-08T14:38:45","slug":"apofit-aetherisches-oel-basilikum-10-ml","status":"publish","type":"product","link":"https:\/\/www.ernstbrunn-apotheke.at\/katalog\/produkt\/apofit-aetherisches-oel-basilikum-10-ml\/","title":{"rendered":"Apofit \u00c4therisches \u00d6l Basilikum 10 ml"},"content":{"rendered":"<p>Apofit \u00c4therisches \u00d6l Basilikum wirkt sehr stark entkrampfend und entz\u00fcndungshemmend, entspannend und schmerzlindernd bei Magen- und Menstruationskr\u00e4mpfen. Dar\u00fcber hinaus wird das \u00d6l f\u00fcr seine darmreinigende Funktion bei Darminfektionen und Verdauungsproblemen gesch\u00e4tzt. Nicht zur Einnahme bestimmt!.<\/p>\n","protected":false},"excerpt":{"rendered":"<p>Apofit \u00c4therisches \u00d6l Basilikum wirkt sehr stark entkrampfend und entz\u00fcndungshemmend, entspannend und schmerzlindernd bei Magen- und Menstruationskr\u00e4mpfen. Dar\u00fcber hinaus wird das \u00d6l f\u00fcr seine darmreinigende Funktion bei Darminfektionen und Verdauungsproblemen gesch\u00e4tzt. Nicht zur Einnahme bestimmt!.<\/p>\n","protected":false},"featured_media":35744,"template":"","meta":{"_acf_changed":false},"product_brand":[584],"product_cat":[801],"product_tag":[],"class_list":{"0":"post-35742","1":"product","2":"type-product","3":"status-publish","4":"has-post-thumbnail","6":"product_brand-apofit","7":"product_cat-a","8":"pa_packungsgroesse-10ml","10":"first","11":"instock","12":"shipping-taxable","13":"purchasable","14":"product-type-simple"},"acf":[],"_links":{"self":[{"href":"https:\/\/www.ernstbrunn-apotheke.at\/katalog\/wp-json\/wp\/v2\/product\/35742","targetHints":{"allow":["GET"]}}],"collection":[{"href":"https:\/\/www.ernstbrunn-apotheke.at\/katalog\/wp-json\/wp\/v2\/product"}],"about":[{"href":"https:\/\/www.ernstbrunn-apotheke.at\/katalog\/wp-json\/wp\/v2\/types\/product"}],"wp:featuredmedia":[{"embeddable":true,"href":"https:\/\/www.ernstbrunn-apotheke.at\/katalog\/wp-json\/wp\/v2\/media\/35744"}],"wp:attachment":[{"href":"https:\/\/www.ernstbrunn-apotheke.at\/katalog\/wp-json\/wp\/v2\/media?parent=35742"}],"wp:term":[{"taxonomy":"product_brand","embeddable":true,"href":"https:\/\/www.ernstbrunn-apotheke.at\/katalog\/wp-json\/wp\/v2\/product_brand?post=35742"},{"taxonomy":"product_cat","embeddable":true,"href":"https:\/\/www.ernstbrunn-apotheke.at\/katalog\/wp-json\/wp\/v2\/product_cat?post=35742"},{"taxonomy":"product_tag","embeddable":true,"href":"https:\/\/www.ernstbrunn-apotheke.at\/katalog\/wp-json\/wp\/v2\/product_tag?post=35742"}],"curies":[{"name":"wp","href":"https:\/\/api.w.org\/{rel}","templated":true}]}}