{"id":35689,"date":"2025-11-10T12:42:50","date_gmt":"2025-11-10T11:42:50","guid":{"rendered":"https:\/\/www.ernstbrunn-apotheke.at\/katalog\/produkt\/melasan-aetherisches-oel-lemongras-10-ml\/"},"modified":"2025-12-08T15:38:34","modified_gmt":"2025-12-08T14:38:34","slug":"melasan-aetherisches-oel-lemongras-10-ml","status":"publish","type":"product","link":"https:\/\/www.ernstbrunn-apotheke.at\/katalog\/produkt\/melasan-aetherisches-oel-lemongras-10-ml\/","title":{"rendered":"Melasan \u00c4therisches \u00d6l Lemongras 10 ml"},"content":{"rendered":"<p>Melasan \u00c4therisches \u00d6l Lemongras wird unter h\u00f6chsten Qualit\u00e4tskriterien hergestellt. Das \u00d6l zeichnet sich durch das breite Wirkungsspektrum aus. Nicht zur Einnahme bestimmt!.<\/p>\n","protected":false},"excerpt":{"rendered":"<p>Melasan \u00c4therisches \u00d6l Lemongras wird unter h\u00f6chsten Qualit\u00e4tskriterien hergestellt. Das \u00d6l zeichnet sich durch das breite Wirkungsspektrum aus. Nicht zur Einnahme bestimmt!.<\/p>\n","protected":false},"featured_media":35691,"template":"","meta":{"_acf_changed":false},"product_brand":[373],"product_cat":[800],"product_tag":[],"class_list":{"0":"post-35689","1":"product","2":"type-product","3":"status-publish","4":"has-post-thumbnail","6":"product_brand-melasan","7":"product_cat-m","8":"pa_packungsgroesse-10ml","10":"first","11":"instock","12":"shipping-taxable","13":"purchasable","14":"product-type-simple"},"acf":[],"_links":{"self":[{"href":"https:\/\/www.ernstbrunn-apotheke.at\/katalog\/wp-json\/wp\/v2\/product\/35689","targetHints":{"allow":["GET"]}}],"collection":[{"href":"https:\/\/www.ernstbrunn-apotheke.at\/katalog\/wp-json\/wp\/v2\/product"}],"about":[{"href":"https:\/\/www.ernstbrunn-apotheke.at\/katalog\/wp-json\/wp\/v2\/types\/product"}],"wp:featuredmedia":[{"embeddable":true,"href":"https:\/\/www.ernstbrunn-apotheke.at\/katalog\/wp-json\/wp\/v2\/media\/35691"}],"wp:attachment":[{"href":"https:\/\/www.ernstbrunn-apotheke.at\/katalog\/wp-json\/wp\/v2\/media?parent=35689"}],"wp:term":[{"taxonomy":"product_brand","embeddable":true,"href":"https:\/\/www.ernstbrunn-apotheke.at\/katalog\/wp-json\/wp\/v2\/product_brand?post=35689"},{"taxonomy":"product_cat","embeddable":true,"href":"https:\/\/www.ernstbrunn-apotheke.at\/katalog\/wp-json\/wp\/v2\/product_cat?post=35689"},{"taxonomy":"product_tag","embeddable":true,"href":"https:\/\/www.ernstbrunn-apotheke.at\/katalog\/wp-json\/wp\/v2\/product_tag?post=35689"}],"curies":[{"name":"wp","href":"https:\/\/api.w.org\/{rel}","templated":true}]}}