{"id":35670,"date":"2025-11-10T12:42:09","date_gmt":"2025-11-10T11:42:09","guid":{"rendered":"https:\/\/www.ernstbrunn-apotheke.at\/katalog\/produkt\/aethera-aetherisches-oel-10-ml-zitrone\/"},"modified":"2025-12-08T15:38:28","modified_gmt":"2025-12-08T14:38:28","slug":"aethera-aetherisches-oel-10-ml-zitrone","status":"publish","type":"product","link":"https:\/\/www.ernstbrunn-apotheke.at\/katalog\/produkt\/aethera-aetherisches-oel-10-ml-zitrone\/","title":{"rendered":"Aethera \u00c4therisches \u00d6l 10 ml Zitrone"},"content":{"rendered":"<p>Aethera \u00c4therisches \u00d6l Zitrone ist ein zu 100% reines \u00e4therisches Zitronenschalen\u00f6l. Es f\u00f6rdert die Konzentration und wirkt zudem antibakteriell und abwehrsteigernd. Es dient zur Erfrischung und Reinigung der Raumluft. Ob in der Duftlampe, im Duftstein oder f\u00fcr Sauna-Aufg\u00fcsse: dieses \u00d6l passt immer. Nicht zur Einnahme bestimmt!.<\/p>\n","protected":false},"excerpt":{"rendered":"<p>Aethera \u00c4therisches \u00d6l Zitrone ist ein zu 100% reines \u00e4therisches Zitronenschalen\u00f6l. Es f\u00f6rdert die Konzentration und wirkt zudem antibakteriell und abwehrsteigernd. Es dient zur Erfrischung und Reinigung der Raumluft. Ob in der Duftlampe, im Duftstein oder f\u00fcr Sauna-Aufg\u00fcsse: dieses \u00d6l passt immer. Nicht zur Einnahme bestimmt!.<\/p>\n","protected":false},"featured_media":35672,"template":"","meta":{"_acf_changed":false},"product_brand":[],"product_cat":[801],"product_tag":[],"class_list":{"0":"post-35670","1":"product","2":"type-product","3":"status-publish","4":"has-post-thumbnail","6":"product_cat-a","7":"pa_packungsgroesse-10ml","9":"first","10":"instock","11":"shipping-taxable","12":"purchasable","13":"product-type-simple"},"acf":[],"_links":{"self":[{"href":"https:\/\/www.ernstbrunn-apotheke.at\/katalog\/wp-json\/wp\/v2\/product\/35670","targetHints":{"allow":["GET"]}}],"collection":[{"href":"https:\/\/www.ernstbrunn-apotheke.at\/katalog\/wp-json\/wp\/v2\/product"}],"about":[{"href":"https:\/\/www.ernstbrunn-apotheke.at\/katalog\/wp-json\/wp\/v2\/types\/product"}],"wp:featuredmedia":[{"embeddable":true,"href":"https:\/\/www.ernstbrunn-apotheke.at\/katalog\/wp-json\/wp\/v2\/media\/35672"}],"wp:attachment":[{"href":"https:\/\/www.ernstbrunn-apotheke.at\/katalog\/wp-json\/wp\/v2\/media?parent=35670"}],"wp:term":[{"taxonomy":"product_brand","embeddable":true,"href":"https:\/\/www.ernstbrunn-apotheke.at\/katalog\/wp-json\/wp\/v2\/product_brand?post=35670"},{"taxonomy":"product_cat","embeddable":true,"href":"https:\/\/www.ernstbrunn-apotheke.at\/katalog\/wp-json\/wp\/v2\/product_cat?post=35670"},{"taxonomy":"product_tag","embeddable":true,"href":"https:\/\/www.ernstbrunn-apotheke.at\/katalog\/wp-json\/wp\/v2\/product_tag?post=35670"}],"curies":[{"name":"wp","href":"https:\/\/api.w.org\/{rel}","templated":true}]}}