{"id":35618,"date":"2025-11-10T12:41:21","date_gmt":"2025-11-10T11:41:21","guid":{"rendered":"https:\/\/www.ernstbrunn-apotheke.at\/katalog\/produkt\/primavera-aetherisches-oel-angelikawurzel-1-ml\/"},"modified":"2025-12-08T15:38:14","modified_gmt":"2025-12-08T14:38:14","slug":"primavera-aetherisches-oel-angelikawurzel-1-ml","status":"publish","type":"product","link":"https:\/\/www.ernstbrunn-apotheke.at\/katalog\/produkt\/primavera-aetherisches-oel-angelikawurzel-1-ml\/","title":{"rendered":"Primavera \u00c4therisches \u00d6l Angelikawurzel 1 ml"},"content":{"rendered":"<p>\u00c4therische \u00d6le sind Nahrung f\u00fcr Haut und Sinne. Erleben Sie die wohltuende und ganzheitliche Wirkung der Aromatherapie f\u00fcr Ihr Wohlbefinden \u2013 ausgleichend auf die Psyche und stimulierend auf die Abwehrkr\u00e4fte des K\u00f6rpers. Nicht zur Einnahme bestimmt!.<\/p>\n","protected":false},"excerpt":{"rendered":"<p>\u00c4therische \u00d6le sind Nahrung f\u00fcr Haut und Sinne. Erleben Sie die wohltuende und ganzheitliche Wirkung der Aromatherapie f\u00fcr Ihr Wohlbefinden \u2013 ausgleichend auf die Psyche und stimulierend auf die Abwehrkr\u00e4fte des K\u00f6rpers. Nicht zur Einnahme bestimmt!.<\/p>\n","protected":false},"featured_media":35620,"template":"","meta":{"_acf_changed":false},"product_brand":[806],"product_cat":[793],"product_tag":[],"class_list":{"0":"post-35618","1":"product","2":"type-product","3":"status-publish","4":"has-post-thumbnail","6":"product_brand-primavera","7":"product_cat-p","8":"pa_packungsgroesse-1ml","10":"first","11":"instock","12":"shipping-taxable","13":"purchasable","14":"product-type-simple"},"acf":[],"_links":{"self":[{"href":"https:\/\/www.ernstbrunn-apotheke.at\/katalog\/wp-json\/wp\/v2\/product\/35618","targetHints":{"allow":["GET"]}}],"collection":[{"href":"https:\/\/www.ernstbrunn-apotheke.at\/katalog\/wp-json\/wp\/v2\/product"}],"about":[{"href":"https:\/\/www.ernstbrunn-apotheke.at\/katalog\/wp-json\/wp\/v2\/types\/product"}],"wp:featuredmedia":[{"embeddable":true,"href":"https:\/\/www.ernstbrunn-apotheke.at\/katalog\/wp-json\/wp\/v2\/media\/35620"}],"wp:attachment":[{"href":"https:\/\/www.ernstbrunn-apotheke.at\/katalog\/wp-json\/wp\/v2\/media?parent=35618"}],"wp:term":[{"taxonomy":"product_brand","embeddable":true,"href":"https:\/\/www.ernstbrunn-apotheke.at\/katalog\/wp-json\/wp\/v2\/product_brand?post=35618"},{"taxonomy":"product_cat","embeddable":true,"href":"https:\/\/www.ernstbrunn-apotheke.at\/katalog\/wp-json\/wp\/v2\/product_cat?post=35618"},{"taxonomy":"product_tag","embeddable":true,"href":"https:\/\/www.ernstbrunn-apotheke.at\/katalog\/wp-json\/wp\/v2\/product_tag?post=35618"}],"curies":[{"name":"wp","href":"https:\/\/api.w.org\/{rel}","templated":true}]}}