{"id":35560,"date":"2025-11-10T12:40:18","date_gmt":"2025-11-10T11:40:18","guid":{"rendered":"https:\/\/www.ernstbrunn-apotheke.at\/katalog\/produkt\/teebaum-oel-aethera-10-ml\/"},"modified":"2025-12-08T15:37:58","modified_gmt":"2025-12-08T14:37:58","slug":"teebaum-oel-aethera-10-ml","status":"publish","type":"product","link":"https:\/\/www.ernstbrunn-apotheke.at\/katalog\/produkt\/teebaum-oel-aethera-10-ml\/","title":{"rendered":"Teebaum \u00d6l Aethera 10 ml"},"content":{"rendered":"<p>Teebaum \u00d6l Aethera ist sehr hilfreich gegen Insekten und kann auch zur Linderung bei Insektenstichen eingesetzt werden. Au\u00dferdem kann das Produkt als Gurgelmittel zur allgemeinen Mund- und Rachenpflege verwendet werden. Dar\u00fcber hinaus eignet es sich auch bestens zur Vorbeugung bei Fieberbl\u00e4schen.<\/p>\n","protected":false},"excerpt":{"rendered":"<p>Teebaum \u00d6l Aethera ist sehr hilfreich gegen Insekten und kann auch zur Linderung bei Insektenstichen eingesetzt werden. Au\u00dferdem kann das Produkt als Gurgelmittel zur allgemeinen Mund- und Rachenpflege verwendet werden. Dar\u00fcber hinaus eignet es sich auch bestens zur Vorbeugung bei Fieberbl\u00e4schen.<\/p>\n","protected":false},"featured_media":35562,"template":"","meta":{"_acf_changed":false},"product_brand":[],"product_cat":[798],"product_tag":[],"class_list":{"0":"post-35560","1":"product","2":"type-product","3":"status-publish","4":"has-post-thumbnail","6":"product_cat-t","7":"pa_packungsgroesse-10ml","9":"first","10":"instock","11":"shipping-taxable","12":"purchasable","13":"product-type-simple"},"acf":[],"_links":{"self":[{"href":"https:\/\/www.ernstbrunn-apotheke.at\/katalog\/wp-json\/wp\/v2\/product\/35560","targetHints":{"allow":["GET"]}}],"collection":[{"href":"https:\/\/www.ernstbrunn-apotheke.at\/katalog\/wp-json\/wp\/v2\/product"}],"about":[{"href":"https:\/\/www.ernstbrunn-apotheke.at\/katalog\/wp-json\/wp\/v2\/types\/product"}],"wp:featuredmedia":[{"embeddable":true,"href":"https:\/\/www.ernstbrunn-apotheke.at\/katalog\/wp-json\/wp\/v2\/media\/35562"}],"wp:attachment":[{"href":"https:\/\/www.ernstbrunn-apotheke.at\/katalog\/wp-json\/wp\/v2\/media?parent=35560"}],"wp:term":[{"taxonomy":"product_brand","embeddable":true,"href":"https:\/\/www.ernstbrunn-apotheke.at\/katalog\/wp-json\/wp\/v2\/product_brand?post=35560"},{"taxonomy":"product_cat","embeddable":true,"href":"https:\/\/www.ernstbrunn-apotheke.at\/katalog\/wp-json\/wp\/v2\/product_cat?post=35560"},{"taxonomy":"product_tag","embeddable":true,"href":"https:\/\/www.ernstbrunn-apotheke.at\/katalog\/wp-json\/wp\/v2\/product_tag?post=35560"}],"curies":[{"name":"wp","href":"https:\/\/api.w.org\/{rel}","templated":true}]}}