{"id":35557,"date":"2025-11-10T12:40:18","date_gmt":"2025-11-10T11:40:18","guid":{"rendered":"https:\/\/www.ernstbrunn-apotheke.at\/katalog\/produkt\/apofit-aetherisches-oel-salbei-10-ml\/"},"modified":"2025-12-08T15:37:56","modified_gmt":"2025-12-08T14:37:56","slug":"apofit-aetherisches-oel-salbei-10-ml","status":"publish","type":"product","link":"https:\/\/www.ernstbrunn-apotheke.at\/katalog\/produkt\/apofit-aetherisches-oel-salbei-10-ml\/","title":{"rendered":"Apofit \u00c4therisches \u00d6l Salbei 10 ml"},"content":{"rendered":"<p>Apofit \u00c4therisches \u00d6l Salbei f\u00f6rdert das Denkverm\u00f6gen und wirkt allgemein st\u00e4rkend. Salbei hilft bei Haarausfall und Schuppen und ist sehr gut f\u00fcr die Schwei\u00dfregulierung und. Wirkt reinigend in Wohnr\u00e4umen. Nicht zur Einnahme bestimmt!.<\/p>\n","protected":false},"excerpt":{"rendered":"<p>Apofit \u00c4therisches \u00d6l Salbei f\u00f6rdert das Denkverm\u00f6gen und wirkt allgemein st\u00e4rkend. Salbei hilft bei Haarausfall und Schuppen und ist sehr gut f\u00fcr die Schwei\u00dfregulierung und. Wirkt reinigend in Wohnr\u00e4umen. Nicht zur Einnahme bestimmt!.<\/p>\n","protected":false},"featured_media":35559,"template":"","meta":{"_acf_changed":false},"product_brand":[584],"product_cat":[801],"product_tag":[],"class_list":{"0":"post-35557","1":"product","2":"type-product","3":"status-publish","4":"has-post-thumbnail","6":"product_brand-apofit","7":"product_cat-a","8":"pa_packungsgroesse-10ml","10":"first","11":"instock","12":"shipping-taxable","13":"purchasable","14":"product-type-simple"},"acf":[],"_links":{"self":[{"href":"https:\/\/www.ernstbrunn-apotheke.at\/katalog\/wp-json\/wp\/v2\/product\/35557","targetHints":{"allow":["GET"]}}],"collection":[{"href":"https:\/\/www.ernstbrunn-apotheke.at\/katalog\/wp-json\/wp\/v2\/product"}],"about":[{"href":"https:\/\/www.ernstbrunn-apotheke.at\/katalog\/wp-json\/wp\/v2\/types\/product"}],"wp:featuredmedia":[{"embeddable":true,"href":"https:\/\/www.ernstbrunn-apotheke.at\/katalog\/wp-json\/wp\/v2\/media\/35559"}],"wp:attachment":[{"href":"https:\/\/www.ernstbrunn-apotheke.at\/katalog\/wp-json\/wp\/v2\/media?parent=35557"}],"wp:term":[{"taxonomy":"product_brand","embeddable":true,"href":"https:\/\/www.ernstbrunn-apotheke.at\/katalog\/wp-json\/wp\/v2\/product_brand?post=35557"},{"taxonomy":"product_cat","embeddable":true,"href":"https:\/\/www.ernstbrunn-apotheke.at\/katalog\/wp-json\/wp\/v2\/product_cat?post=35557"},{"taxonomy":"product_tag","embeddable":true,"href":"https:\/\/www.ernstbrunn-apotheke.at\/katalog\/wp-json\/wp\/v2\/product_tag?post=35557"}],"curies":[{"name":"wp","href":"https:\/\/api.w.org\/{rel}","templated":true}]}}