{"id":35525,"date":"2025-11-10T12:39:49","date_gmt":"2025-11-10T11:39:49","guid":{"rendered":"https:\/\/www.ernstbrunn-apotheke.at\/katalog\/produkt\/apofit-aetherisches-oel-rose-10-ml\/"},"modified":"2025-12-08T15:37:46","modified_gmt":"2025-12-08T14:37:46","slug":"apofit-aetherisches-oel-rose-10-ml","status":"publish","type":"product","link":"https:\/\/www.ernstbrunn-apotheke.at\/katalog\/produkt\/apofit-aetherisches-oel-rose-10-ml\/","title":{"rendered":"Apofit \u00c4therisches \u00d6l Rose 10 ml"},"content":{"rendered":"<p>Apofit \u00c4therisches \u00d6l Rose gilt als Symbol f\u00fcr Weiblichkeit und Liebe und als die &#8222;K\u00f6nigin der Blumen&#8220;, die mit ihrem warmen, s\u00fc\u00dflichen, euphorisierenden Duft die Menschen bet\u00f6rt. Rosen\u00f6l wirkt auf den K\u00f6rper antiseptisch, antirheumatisch und wundheilend. Es eignet sich hervorragend f\u00fcr die Hautpflege und ist das ideale \u00d6l rund um Schwangerschaft, Geburt und Baby. Nicht zur Einnahme bestimmt!.<\/p>\n","protected":false},"excerpt":{"rendered":"<p>Apofit \u00c4therisches \u00d6l Rose gilt als Symbol f\u00fcr Weiblichkeit und Liebe und als die &#8222;K\u00f6nigin der Blumen&#8220;, die mit ihrem warmen, s\u00fc\u00dflichen, euphorisierenden Duft die Menschen bet\u00f6rt. Rosen\u00f6l wirkt auf den K\u00f6rper antiseptisch, antirheumatisch und wundheilend. Es eignet sich hervorragend f\u00fcr die Hautpflege und ist das ideale \u00d6l rund um Schwangerschaft, Geburt und Baby. Nicht [&hellip;]<\/p>\n","protected":false},"featured_media":35527,"template":"","meta":{"_acf_changed":false},"product_brand":[584],"product_cat":[801],"product_tag":[],"class_list":{"0":"post-35525","1":"product","2":"type-product","3":"status-publish","4":"has-post-thumbnail","6":"product_brand-apofit","7":"product_cat-a","8":"pa_packungsgroesse-1ml","10":"first","11":"instock","12":"shipping-taxable","13":"purchasable","14":"product-type-simple"},"acf":[],"_links":{"self":[{"href":"https:\/\/www.ernstbrunn-apotheke.at\/katalog\/wp-json\/wp\/v2\/product\/35525","targetHints":{"allow":["GET"]}}],"collection":[{"href":"https:\/\/www.ernstbrunn-apotheke.at\/katalog\/wp-json\/wp\/v2\/product"}],"about":[{"href":"https:\/\/www.ernstbrunn-apotheke.at\/katalog\/wp-json\/wp\/v2\/types\/product"}],"wp:featuredmedia":[{"embeddable":true,"href":"https:\/\/www.ernstbrunn-apotheke.at\/katalog\/wp-json\/wp\/v2\/media\/35527"}],"wp:attachment":[{"href":"https:\/\/www.ernstbrunn-apotheke.at\/katalog\/wp-json\/wp\/v2\/media?parent=35525"}],"wp:term":[{"taxonomy":"product_brand","embeddable":true,"href":"https:\/\/www.ernstbrunn-apotheke.at\/katalog\/wp-json\/wp\/v2\/product_brand?post=35525"},{"taxonomy":"product_cat","embeddable":true,"href":"https:\/\/www.ernstbrunn-apotheke.at\/katalog\/wp-json\/wp\/v2\/product_cat?post=35525"},{"taxonomy":"product_tag","embeddable":true,"href":"https:\/\/www.ernstbrunn-apotheke.at\/katalog\/wp-json\/wp\/v2\/product_tag?post=35525"}],"curies":[{"name":"wp","href":"https:\/\/api.w.org\/{rel}","templated":true}]}}