{"id":35502,"date":"2025-11-10T12:39:13","date_gmt":"2025-11-10T11:39:13","guid":{"rendered":"https:\/\/www.ernstbrunn-apotheke.at\/katalog\/produkt\/apofit-aetherisches-oel-myrthe-10-ml\/"},"modified":"2025-12-08T15:37:36","modified_gmt":"2025-12-08T14:37:36","slug":"apofit-aetherisches-oel-myrthe-10-ml","status":"publish","type":"product","link":"https:\/\/www.ernstbrunn-apotheke.at\/katalog\/produkt\/apofit-aetherisches-oel-myrthe-10-ml\/","title":{"rendered":"Apofit \u00c4therisches \u00d6l Myrthe 10 ml"},"content":{"rendered":"<p>Apofit \u00c4therisches \u00d6l Myrthe riecht kraut\u00e4hnlich und wird in der Parf\u00fcmindustrie h\u00e4ufig f\u00fcr Naturd\u00fcfte verwendet. Der Duft erinnert an Salbei und Eukalyptus. Myrte ist gut bei Verzweiflung. Das \u00d6l wirkt in Form von Gesichtsdampfb\u00e4dern kl\u00e4rend bei unreiner Haut und ist au\u00dferdem luftreinigend. Nicht zur Einnahme bestimmt!.<\/p>\n","protected":false},"excerpt":{"rendered":"<p>Apofit \u00c4therisches \u00d6l Myrthe riecht kraut\u00e4hnlich und wird in der Parf\u00fcmindustrie h\u00e4ufig f\u00fcr Naturd\u00fcfte verwendet. Der Duft erinnert an Salbei und Eukalyptus. Myrte ist gut bei Verzweiflung. Das \u00d6l wirkt in Form von Gesichtsdampfb\u00e4dern kl\u00e4rend bei unreiner Haut und ist au\u00dferdem luftreinigend. Nicht zur Einnahme bestimmt!.<\/p>\n","protected":false},"featured_media":35504,"template":"","meta":{"_acf_changed":false},"product_brand":[584],"product_cat":[801],"product_tag":[],"class_list":{"0":"post-35502","1":"product","2":"type-product","3":"status-publish","4":"has-post-thumbnail","6":"product_brand-apofit","7":"product_cat-a","8":"pa_packungsgroesse-10ml","10":"first","11":"instock","12":"shipping-taxable","13":"purchasable","14":"product-type-simple"},"acf":[],"_links":{"self":[{"href":"https:\/\/www.ernstbrunn-apotheke.at\/katalog\/wp-json\/wp\/v2\/product\/35502","targetHints":{"allow":["GET"]}}],"collection":[{"href":"https:\/\/www.ernstbrunn-apotheke.at\/katalog\/wp-json\/wp\/v2\/product"}],"about":[{"href":"https:\/\/www.ernstbrunn-apotheke.at\/katalog\/wp-json\/wp\/v2\/types\/product"}],"wp:featuredmedia":[{"embeddable":true,"href":"https:\/\/www.ernstbrunn-apotheke.at\/katalog\/wp-json\/wp\/v2\/media\/35504"}],"wp:attachment":[{"href":"https:\/\/www.ernstbrunn-apotheke.at\/katalog\/wp-json\/wp\/v2\/media?parent=35502"}],"wp:term":[{"taxonomy":"product_brand","embeddable":true,"href":"https:\/\/www.ernstbrunn-apotheke.at\/katalog\/wp-json\/wp\/v2\/product_brand?post=35502"},{"taxonomy":"product_cat","embeddable":true,"href":"https:\/\/www.ernstbrunn-apotheke.at\/katalog\/wp-json\/wp\/v2\/product_cat?post=35502"},{"taxonomy":"product_tag","embeddable":true,"href":"https:\/\/www.ernstbrunn-apotheke.at\/katalog\/wp-json\/wp\/v2\/product_tag?post=35502"}],"curies":[{"name":"wp","href":"https:\/\/api.w.org\/{rel}","templated":true}]}}