{"id":35479,"date":"2025-11-10T12:39:13","date_gmt":"2025-11-10T11:39:13","guid":{"rendered":"https:\/\/www.ernstbrunn-apotheke.at\/katalog\/produkt\/apofit-aetherisches-oel-wintermaerchen-10-ml\/"},"modified":"2025-12-08T15:37:29","modified_gmt":"2025-12-08T14:37:29","slug":"apofit-aetherisches-oel-wintermaerchen-10-ml","status":"publish","type":"product","link":"https:\/\/www.ernstbrunn-apotheke.at\/katalog\/produkt\/apofit-aetherisches-oel-wintermaerchen-10-ml\/","title":{"rendered":"Apofit \u00c4therisches \u00d6l Winterm\u00e4rchen 10 ml"},"content":{"rendered":"<p>Apofit \u00c4therisches \u00d6l Winterm\u00e4rchen wirkt mit seiner warmen und w\u00fcrzigen Duftnote harmonisierend auf K\u00f6rper und Geist. Das warm-w\u00fcrzig duftende \u00d6l eignet sich ideal zur Raumbeduftung in Wohn- und Arbeitsr\u00e4umen. Nicht zur Einnahme bestimmt!.<\/p>\n","protected":false},"excerpt":{"rendered":"<p>Apofit \u00c4therisches \u00d6l Winterm\u00e4rchen wirkt mit seiner warmen und w\u00fcrzigen Duftnote harmonisierend auf K\u00f6rper und Geist. Das warm-w\u00fcrzig duftende \u00d6l eignet sich ideal zur Raumbeduftung in Wohn- und Arbeitsr\u00e4umen. Nicht zur Einnahme bestimmt!.<\/p>\n","protected":false},"featured_media":35481,"template":"","meta":{"_acf_changed":false},"product_brand":[584],"product_cat":[801],"product_tag":[],"class_list":{"0":"post-35479","1":"product","2":"type-product","3":"status-publish","4":"has-post-thumbnail","6":"product_brand-apofit","7":"product_cat-a","8":"pa_packungsgroesse-10ml","10":"first","11":"instock","12":"shipping-taxable","13":"purchasable","14":"product-type-simple"},"acf":[],"_links":{"self":[{"href":"https:\/\/www.ernstbrunn-apotheke.at\/katalog\/wp-json\/wp\/v2\/product\/35479","targetHints":{"allow":["GET"]}}],"collection":[{"href":"https:\/\/www.ernstbrunn-apotheke.at\/katalog\/wp-json\/wp\/v2\/product"}],"about":[{"href":"https:\/\/www.ernstbrunn-apotheke.at\/katalog\/wp-json\/wp\/v2\/types\/product"}],"wp:featuredmedia":[{"embeddable":true,"href":"https:\/\/www.ernstbrunn-apotheke.at\/katalog\/wp-json\/wp\/v2\/media\/35481"}],"wp:attachment":[{"href":"https:\/\/www.ernstbrunn-apotheke.at\/katalog\/wp-json\/wp\/v2\/media?parent=35479"}],"wp:term":[{"taxonomy":"product_brand","embeddable":true,"href":"https:\/\/www.ernstbrunn-apotheke.at\/katalog\/wp-json\/wp\/v2\/product_brand?post=35479"},{"taxonomy":"product_cat","embeddable":true,"href":"https:\/\/www.ernstbrunn-apotheke.at\/katalog\/wp-json\/wp\/v2\/product_cat?post=35479"},{"taxonomy":"product_tag","embeddable":true,"href":"https:\/\/www.ernstbrunn-apotheke.at\/katalog\/wp-json\/wp\/v2\/product_tag?post=35479"}],"curies":[{"name":"wp","href":"https:\/\/api.w.org\/{rel}","templated":true}]}}