{"id":35461,"date":"2025-11-10T12:38:29","date_gmt":"2025-11-10T11:38:29","guid":{"rendered":"https:\/\/www.ernstbrunn-apotheke.at\/katalog\/produkt\/apofit-aetherisches-oel-fichtennadel-10-ml\/"},"modified":"2025-12-08T15:37:20","modified_gmt":"2025-12-08T14:37:20","slug":"apofit-aetherisches-oel-fichtennadel-10-ml","status":"publish","type":"product","link":"https:\/\/www.ernstbrunn-apotheke.at\/katalog\/produkt\/apofit-aetherisches-oel-fichtennadel-10-ml\/","title":{"rendered":"Apofit \u00c4therisches \u00d6l Fichtennadel 10 ml"},"content":{"rendered":"<p>Apofit \u00c4therisches \u00d6l Fichtennadel duftet sehr aromatisch, waldig und frisch. Es wirkt stark antibakteriell und wird sowohl zur raumluftreinigenden Raumbeduftung und Atemwegsbeschwerden eingesetzt wie auch bei Stress, Nervosit\u00e4t und Unruhe. Der Duft erinnert an einen befreienden, entspannenden Waldspaziergang. Nicht zur Einnahme bestimmt!.<\/p>\n","protected":false},"excerpt":{"rendered":"<p>Apofit \u00c4therisches \u00d6l Fichtennadel duftet sehr aromatisch, waldig und frisch. Es wirkt stark antibakteriell und wird sowohl zur raumluftreinigenden Raumbeduftung und Atemwegsbeschwerden eingesetzt wie auch bei Stress, Nervosit\u00e4t und Unruhe. Der Duft erinnert an einen befreienden, entspannenden Waldspaziergang. Nicht zur Einnahme bestimmt!.<\/p>\n","protected":false},"featured_media":35463,"template":"","meta":{"_acf_changed":false},"product_brand":[584],"product_cat":[801],"product_tag":[],"class_list":{"0":"post-35461","1":"product","2":"type-product","3":"status-publish","4":"has-post-thumbnail","6":"product_brand-apofit","7":"product_cat-a","8":"pa_packungsgroesse-10ml","10":"first","11":"instock","12":"shipping-taxable","13":"purchasable","14":"product-type-simple"},"acf":[],"_links":{"self":[{"href":"https:\/\/www.ernstbrunn-apotheke.at\/katalog\/wp-json\/wp\/v2\/product\/35461","targetHints":{"allow":["GET"]}}],"collection":[{"href":"https:\/\/www.ernstbrunn-apotheke.at\/katalog\/wp-json\/wp\/v2\/product"}],"about":[{"href":"https:\/\/www.ernstbrunn-apotheke.at\/katalog\/wp-json\/wp\/v2\/types\/product"}],"wp:featuredmedia":[{"embeddable":true,"href":"https:\/\/www.ernstbrunn-apotheke.at\/katalog\/wp-json\/wp\/v2\/media\/35463"}],"wp:attachment":[{"href":"https:\/\/www.ernstbrunn-apotheke.at\/katalog\/wp-json\/wp\/v2\/media?parent=35461"}],"wp:term":[{"taxonomy":"product_brand","embeddable":true,"href":"https:\/\/www.ernstbrunn-apotheke.at\/katalog\/wp-json\/wp\/v2\/product_brand?post=35461"},{"taxonomy":"product_cat","embeddable":true,"href":"https:\/\/www.ernstbrunn-apotheke.at\/katalog\/wp-json\/wp\/v2\/product_cat?post=35461"},{"taxonomy":"product_tag","embeddable":true,"href":"https:\/\/www.ernstbrunn-apotheke.at\/katalog\/wp-json\/wp\/v2\/product_tag?post=35461"}],"curies":[{"name":"wp","href":"https:\/\/api.w.org\/{rel}","templated":true}]}}