{"id":35426,"date":"2025-11-10T12:38:29","date_gmt":"2025-11-10T11:38:29","guid":{"rendered":"https:\/\/www.ernstbrunn-apotheke.at\/katalog\/produkt\/aethera-aetherisches-oel-10-ml-orange\/"},"modified":"2025-12-08T15:37:11","modified_gmt":"2025-12-08T14:37:11","slug":"aethera-aetherisches-oel-10-ml-orange","status":"publish","type":"product","link":"https:\/\/www.ernstbrunn-apotheke.at\/katalog\/produkt\/aethera-aetherisches-oel-10-ml-orange\/","title":{"rendered":"Aethera \u00c4therisches \u00d6l 10 ml Orange"},"content":{"rendered":"<p>Aethera \u00c4therisches \u00d6l Orange hat einen sehr warmen Duft. Die wichtigste Eigenschaft des \u00d6les liegt in seinem ausweitenden Effekt auf Organismus und Psyche durch die Entspannung der glatten Muskulatur. So hilft das \u00d6l gegen die Auswirkungen des Lichtmangels in der Winterzeit und dient daher als Vorbeugung gegen Winterdepression. Nicht zur Einnahme bestimmt!.<\/p>\n","protected":false},"excerpt":{"rendered":"<p>Aethera \u00c4therisches \u00d6l Orange hat einen sehr warmen Duft. Die wichtigste Eigenschaft des \u00d6les liegt in seinem ausweitenden Effekt auf Organismus und Psyche durch die Entspannung der glatten Muskulatur. So hilft das \u00d6l gegen die Auswirkungen des Lichtmangels in der Winterzeit und dient daher als Vorbeugung gegen Winterdepression. Nicht zur Einnahme bestimmt!.<\/p>\n","protected":false},"featured_media":35428,"template":"","meta":{"_acf_changed":false},"product_brand":[],"product_cat":[801],"product_tag":[],"class_list":{"0":"post-35426","1":"product","2":"type-product","3":"status-publish","4":"has-post-thumbnail","6":"product_cat-a","7":"pa_packungsgroesse-10ml","9":"first","10":"instock","11":"shipping-taxable","12":"purchasable","13":"product-type-simple"},"acf":[],"_links":{"self":[{"href":"https:\/\/www.ernstbrunn-apotheke.at\/katalog\/wp-json\/wp\/v2\/product\/35426","targetHints":{"allow":["GET"]}}],"collection":[{"href":"https:\/\/www.ernstbrunn-apotheke.at\/katalog\/wp-json\/wp\/v2\/product"}],"about":[{"href":"https:\/\/www.ernstbrunn-apotheke.at\/katalog\/wp-json\/wp\/v2\/types\/product"}],"wp:featuredmedia":[{"embeddable":true,"href":"https:\/\/www.ernstbrunn-apotheke.at\/katalog\/wp-json\/wp\/v2\/media\/35428"}],"wp:attachment":[{"href":"https:\/\/www.ernstbrunn-apotheke.at\/katalog\/wp-json\/wp\/v2\/media?parent=35426"}],"wp:term":[{"taxonomy":"product_brand","embeddable":true,"href":"https:\/\/www.ernstbrunn-apotheke.at\/katalog\/wp-json\/wp\/v2\/product_brand?post=35426"},{"taxonomy":"product_cat","embeddable":true,"href":"https:\/\/www.ernstbrunn-apotheke.at\/katalog\/wp-json\/wp\/v2\/product_cat?post=35426"},{"taxonomy":"product_tag","embeddable":true,"href":"https:\/\/www.ernstbrunn-apotheke.at\/katalog\/wp-json\/wp\/v2\/product_tag?post=35426"}],"curies":[{"name":"wp","href":"https:\/\/api.w.org\/{rel}","templated":true}]}}