{"id":35368,"date":"2025-11-10T12:37:23","date_gmt":"2025-11-10T11:37:23","guid":{"rendered":"https:\/\/www.ernstbrunn-apotheke.at\/katalog\/produkt\/apofit-aetherisches-oel-orange-suess-10-ml\/"},"modified":"2025-12-08T15:36:59","modified_gmt":"2025-12-08T14:36:59","slug":"apofit-aetherisches-oel-orange-suess-10-ml","status":"publish","type":"product","link":"https:\/\/www.ernstbrunn-apotheke.at\/katalog\/produkt\/apofit-aetherisches-oel-orange-suess-10-ml\/","title":{"rendered":"Apofit \u00c4therisches \u00d6l Orange S\u00fc\u00df 10 ml"},"content":{"rendered":"<p>Apofit \u00c4therisches \u00d6l Orange S\u00fc\u00df macht die Haut weich und f\u00f6rdert die Durchblutung. In einer Massage\u00f6lmischung mit Zypresse ist Orange sehr hilfreich bei Cellulite. Der Duft ist erfrischend und warm und sehr beliebt. Wirkt harmonisierend und erheiternd. Orangen\u00f6l ist zudem hervorragend zum Aromatisieren von Speisen geeignet. Nicht zur Einnahme bestimmt!.<\/p>\n","protected":false},"excerpt":{"rendered":"<p>Apofit \u00c4therisches \u00d6l Orange S\u00fc\u00df macht die Haut weich und f\u00f6rdert die Durchblutung. In einer Massage\u00f6lmischung mit Zypresse ist Orange sehr hilfreich bei Cellulite. Der Duft ist erfrischend und warm und sehr beliebt. Wirkt harmonisierend und erheiternd. Orangen\u00f6l ist zudem hervorragend zum Aromatisieren von Speisen geeignet. Nicht zur Einnahme bestimmt!.<\/p>\n","protected":false},"featured_media":35370,"template":"","meta":{"_acf_changed":false},"product_brand":[584],"product_cat":[801],"product_tag":[],"class_list":{"0":"post-35368","1":"product","2":"type-product","3":"status-publish","4":"has-post-thumbnail","6":"product_brand-apofit","7":"product_cat-a","8":"pa_packungsgroesse-10ml","10":"first","11":"instock","12":"shipping-taxable","13":"purchasable","14":"product-type-simple"},"acf":[],"_links":{"self":[{"href":"https:\/\/www.ernstbrunn-apotheke.at\/katalog\/wp-json\/wp\/v2\/product\/35368","targetHints":{"allow":["GET"]}}],"collection":[{"href":"https:\/\/www.ernstbrunn-apotheke.at\/katalog\/wp-json\/wp\/v2\/product"}],"about":[{"href":"https:\/\/www.ernstbrunn-apotheke.at\/katalog\/wp-json\/wp\/v2\/types\/product"}],"wp:featuredmedia":[{"embeddable":true,"href":"https:\/\/www.ernstbrunn-apotheke.at\/katalog\/wp-json\/wp\/v2\/media\/35370"}],"wp:attachment":[{"href":"https:\/\/www.ernstbrunn-apotheke.at\/katalog\/wp-json\/wp\/v2\/media?parent=35368"}],"wp:term":[{"taxonomy":"product_brand","embeddable":true,"href":"https:\/\/www.ernstbrunn-apotheke.at\/katalog\/wp-json\/wp\/v2\/product_brand?post=35368"},{"taxonomy":"product_cat","embeddable":true,"href":"https:\/\/www.ernstbrunn-apotheke.at\/katalog\/wp-json\/wp\/v2\/product_cat?post=35368"},{"taxonomy":"product_tag","embeddable":true,"href":"https:\/\/www.ernstbrunn-apotheke.at\/katalog\/wp-json\/wp\/v2\/product_tag?post=35368"}],"curies":[{"name":"wp","href":"https:\/\/api.w.org\/{rel}","templated":true}]}}