{"id":35339,"date":"2025-11-10T12:36:31","date_gmt":"2025-11-10T11:36:31","guid":{"rendered":"https:\/\/www.ernstbrunn-apotheke.at\/katalog\/produkt\/apofit-aetherisches-oel-nelkenblaetter-10-ml\/"},"modified":"2025-12-08T15:36:51","modified_gmt":"2025-12-08T14:36:51","slug":"apofit-aetherisches-oel-nelkenblaetter-10-ml","status":"publish","type":"product","link":"https:\/\/www.ernstbrunn-apotheke.at\/katalog\/produkt\/apofit-aetherisches-oel-nelkenblaetter-10-ml\/","title":{"rendered":"Apofit \u00c4therisches \u00d6l Nelkenbl\u00e4tter 10 ml"},"content":{"rendered":"<p>Apofit \u00c4therisches \u00d6l Nelkenbl\u00e4tter wird in der Naturheilkunde f\u00fcr Erk\u00e4ltungs- und Verdauungsbeschwerden eingesetzt. Das \u00d6l wirkt anregend und verf\u00fcgt \u00fcber ein Duftprofil, welches als kraftvoll und warm beschrieben wird. Nicht zur Einnahme bestimmt!.<\/p>\n","protected":false},"excerpt":{"rendered":"<p>Apofit \u00c4therisches \u00d6l Nelkenbl\u00e4tter wird in der Naturheilkunde f\u00fcr Erk\u00e4ltungs- und Verdauungsbeschwerden eingesetzt. Das \u00d6l wirkt anregend und verf\u00fcgt \u00fcber ein Duftprofil, welches als kraftvoll und warm beschrieben wird. Nicht zur Einnahme bestimmt!.<\/p>\n","protected":false},"featured_media":35341,"template":"","meta":{"_acf_changed":false},"product_brand":[584],"product_cat":[801],"product_tag":[],"class_list":{"0":"post-35339","1":"product","2":"type-product","3":"status-publish","4":"has-post-thumbnail","6":"product_brand-apofit","7":"product_cat-a","8":"pa_packungsgroesse-10ml","10":"first","11":"instock","12":"shipping-taxable","13":"purchasable","14":"product-type-simple"},"acf":[],"_links":{"self":[{"href":"https:\/\/www.ernstbrunn-apotheke.at\/katalog\/wp-json\/wp\/v2\/product\/35339","targetHints":{"allow":["GET"]}}],"collection":[{"href":"https:\/\/www.ernstbrunn-apotheke.at\/katalog\/wp-json\/wp\/v2\/product"}],"about":[{"href":"https:\/\/www.ernstbrunn-apotheke.at\/katalog\/wp-json\/wp\/v2\/types\/product"}],"wp:featuredmedia":[{"embeddable":true,"href":"https:\/\/www.ernstbrunn-apotheke.at\/katalog\/wp-json\/wp\/v2\/media\/35341"}],"wp:attachment":[{"href":"https:\/\/www.ernstbrunn-apotheke.at\/katalog\/wp-json\/wp\/v2\/media?parent=35339"}],"wp:term":[{"taxonomy":"product_brand","embeddable":true,"href":"https:\/\/www.ernstbrunn-apotheke.at\/katalog\/wp-json\/wp\/v2\/product_brand?post=35339"},{"taxonomy":"product_cat","embeddable":true,"href":"https:\/\/www.ernstbrunn-apotheke.at\/katalog\/wp-json\/wp\/v2\/product_cat?post=35339"},{"taxonomy":"product_tag","embeddable":true,"href":"https:\/\/www.ernstbrunn-apotheke.at\/katalog\/wp-json\/wp\/v2\/product_tag?post=35339"}],"curies":[{"name":"wp","href":"https:\/\/api.w.org\/{rel}","templated":true}]}}