{"id":35316,"date":"2025-11-10T12:36:31","date_gmt":"2025-11-10T11:36:31","guid":{"rendered":"https:\/\/www.ernstbrunn-apotheke.at\/katalog\/produkt\/apofit-aetherisches-oel-melisse-indicum-10-ml\/"},"modified":"2025-12-08T15:36:47","modified_gmt":"2025-12-08T14:36:47","slug":"apofit-aetherisches-oel-melisse-indicum-10-ml","status":"publish","type":"product","link":"https:\/\/www.ernstbrunn-apotheke.at\/katalog\/produkt\/apofit-aetherisches-oel-melisse-indicum-10-ml\/","title":{"rendered":"Apofit \u00c4therisches \u00d6l Melisse Indicum 10 ml"},"content":{"rendered":"<p>Apofit \u00c4therisches \u00d6l Melisse Indicum riecht zitrus\u00e4hnlich, ist sehr wertvoll und nur schwer erh\u00e4ltlich. Das naturreine \u00d6l gleicht Gef\u00fchlsschwankungen aus und hilft bei Depressionen und Schlafst\u00f6rungen. Die Melisse gilt als ein Mittel, das die Langlebigkeit f\u00f6rdert. Es hilft zudem bei Wetterf\u00fchligkeit und Migr\u00e4ne. Nicht zur Einnahme bestimmt!.<\/p>\n","protected":false},"excerpt":{"rendered":"<p>Apofit \u00c4therisches \u00d6l Melisse Indicum riecht zitrus\u00e4hnlich, ist sehr wertvoll und nur schwer erh\u00e4ltlich. Das naturreine \u00d6l gleicht Gef\u00fchlsschwankungen aus und hilft bei Depressionen und Schlafst\u00f6rungen. Die Melisse gilt als ein Mittel, das die Langlebigkeit f\u00f6rdert. Es hilft zudem bei Wetterf\u00fchligkeit und Migr\u00e4ne. Nicht zur Einnahme bestimmt!.<\/p>\n","protected":false},"featured_media":35318,"template":"","meta":{"_acf_changed":false},"product_brand":[584],"product_cat":[801],"product_tag":[],"class_list":{"0":"post-35316","1":"product","2":"type-product","3":"status-publish","4":"has-post-thumbnail","6":"product_brand-apofit","7":"product_cat-a","8":"pa_packungsgroesse-10ml","10":"first","11":"instock","12":"shipping-taxable","13":"purchasable","14":"product-type-simple"},"acf":[],"_links":{"self":[{"href":"https:\/\/www.ernstbrunn-apotheke.at\/katalog\/wp-json\/wp\/v2\/product\/35316","targetHints":{"allow":["GET"]}}],"collection":[{"href":"https:\/\/www.ernstbrunn-apotheke.at\/katalog\/wp-json\/wp\/v2\/product"}],"about":[{"href":"https:\/\/www.ernstbrunn-apotheke.at\/katalog\/wp-json\/wp\/v2\/types\/product"}],"wp:featuredmedia":[{"embeddable":true,"href":"https:\/\/www.ernstbrunn-apotheke.at\/katalog\/wp-json\/wp\/v2\/media\/35318"}],"wp:attachment":[{"href":"https:\/\/www.ernstbrunn-apotheke.at\/katalog\/wp-json\/wp\/v2\/media?parent=35316"}],"wp:term":[{"taxonomy":"product_brand","embeddable":true,"href":"https:\/\/www.ernstbrunn-apotheke.at\/katalog\/wp-json\/wp\/v2\/product_brand?post=35316"},{"taxonomy":"product_cat","embeddable":true,"href":"https:\/\/www.ernstbrunn-apotheke.at\/katalog\/wp-json\/wp\/v2\/product_cat?post=35316"},{"taxonomy":"product_tag","embeddable":true,"href":"https:\/\/www.ernstbrunn-apotheke.at\/katalog\/wp-json\/wp\/v2\/product_tag?post=35316"}],"curies":[{"name":"wp","href":"https:\/\/api.w.org\/{rel}","templated":true}]}}