{"id":35313,"date":"2025-11-10T12:36:31","date_gmt":"2025-11-10T11:36:31","guid":{"rendered":"https:\/\/www.ernstbrunn-apotheke.at\/katalog\/produkt\/apofit-aetherisches-oel-geranium-10-ml\/"},"modified":"2025-12-08T15:36:46","modified_gmt":"2025-12-08T14:36:46","slug":"apofit-aetherisches-oel-geranium-10-ml","status":"publish","type":"product","link":"https:\/\/www.ernstbrunn-apotheke.at\/katalog\/produkt\/apofit-aetherisches-oel-geranium-10-ml\/","title":{"rendered":"Apofit \u00c4therisches \u00d6l Geranium 10 ml"},"content":{"rendered":"<p>Apofit \u00c4therisches \u00d6l Geranium duftet fein, blumig und erinnert etwas an Rosen. Da es tats\u00e4chlich das auch in Rosen\u00f6l vorkommende Citronellol enth\u00e4lt, wird es oft als Ersatz f\u00fcr das s\u00fcndhaft teure echte Rosen\u00f6l eingesetzt. Nicht zur Einnahme bestimmt. Es stimuliert die Leber und die Bauchspeicheldr\u00fcse.  Zudem erweitert es die Gallenr\u00f6hre und hilft aufgrund der reinigenden Wirkung bei fettiger Haut. Nicht zur Einnahme bestimmt!.<\/p>\n","protected":false},"excerpt":{"rendered":"<p>Apofit \u00c4therisches \u00d6l Geranium duftet fein, blumig und erinnert etwas an Rosen. Da es tats\u00e4chlich das auch in Rosen\u00f6l vorkommende Citronellol enth\u00e4lt, wird es oft als Ersatz f\u00fcr das s\u00fcndhaft teure echte Rosen\u00f6l eingesetzt. Nicht zur Einnahme bestimmt. Es stimuliert die Leber und die Bauchspeicheldr\u00fcse. Zudem erweitert es die Gallenr\u00f6hre und hilft aufgrund der reinigenden [&hellip;]<\/p>\n","protected":false},"featured_media":35315,"template":"","meta":{"_acf_changed":false},"product_brand":[584],"product_cat":[801],"product_tag":[],"class_list":{"0":"post-35313","1":"product","2":"type-product","3":"status-publish","4":"has-post-thumbnail","6":"product_brand-apofit","7":"product_cat-a","8":"pa_packungsgroesse-10ml","10":"first","11":"instock","12":"shipping-taxable","13":"purchasable","14":"product-type-simple"},"acf":[],"_links":{"self":[{"href":"https:\/\/www.ernstbrunn-apotheke.at\/katalog\/wp-json\/wp\/v2\/product\/35313","targetHints":{"allow":["GET"]}}],"collection":[{"href":"https:\/\/www.ernstbrunn-apotheke.at\/katalog\/wp-json\/wp\/v2\/product"}],"about":[{"href":"https:\/\/www.ernstbrunn-apotheke.at\/katalog\/wp-json\/wp\/v2\/types\/product"}],"wp:featuredmedia":[{"embeddable":true,"href":"https:\/\/www.ernstbrunn-apotheke.at\/katalog\/wp-json\/wp\/v2\/media\/35315"}],"wp:attachment":[{"href":"https:\/\/www.ernstbrunn-apotheke.at\/katalog\/wp-json\/wp\/v2\/media?parent=35313"}],"wp:term":[{"taxonomy":"product_brand","embeddable":true,"href":"https:\/\/www.ernstbrunn-apotheke.at\/katalog\/wp-json\/wp\/v2\/product_brand?post=35313"},{"taxonomy":"product_cat","embeddable":true,"href":"https:\/\/www.ernstbrunn-apotheke.at\/katalog\/wp-json\/wp\/v2\/product_cat?post=35313"},{"taxonomy":"product_tag","embeddable":true,"href":"https:\/\/www.ernstbrunn-apotheke.at\/katalog\/wp-json\/wp\/v2\/product_tag?post=35313"}],"curies":[{"name":"wp","href":"https:\/\/api.w.org\/{rel}","templated":true}]}}