{"id":35300,"date":"2025-11-10T12:35:38","date_gmt":"2025-11-10T11:35:38","guid":{"rendered":"https:\/\/www.ernstbrunn-apotheke.at\/katalog\/produkt\/apofit-aetherisches-oel-weihrauch-olib-10-ml\/"},"modified":"2025-12-08T15:36:40","modified_gmt":"2025-12-08T14:36:40","slug":"apofit-aetherisches-oel-weihrauch-olib-10-ml","status":"publish","type":"product","link":"https:\/\/www.ernstbrunn-apotheke.at\/katalog\/produkt\/apofit-aetherisches-oel-weihrauch-olib-10-ml\/","title":{"rendered":"Apofit \u00c4therisches \u00d6l Weihrauch Olib 10 ml"},"content":{"rendered":"<p>Apofit \u00c4therisches \u00d6l Weihrauch Olib verf\u00fcgt \u00fcber ein Duftprofil, welches als balsamisch, harzig und s\u00fc\u00df beschrieben wird. Das \u00d6l wirkt sehr ausgleichend und erdend. Weihrauchharz hat eine lange Tradition als R\u00e4ucher- und Heilmittel und als Aromastoff f\u00fcr Kosmetik und Parf\u00fcmerie. Nicht zur Einnahme bestimmt!.<\/p>\n","protected":false},"excerpt":{"rendered":"<p>Apofit \u00c4therisches \u00d6l Weihrauch Olib verf\u00fcgt \u00fcber ein Duftprofil, welches als balsamisch, harzig und s\u00fc\u00df beschrieben wird. Das \u00d6l wirkt sehr ausgleichend und erdend. Weihrauchharz hat eine lange Tradition als R\u00e4ucher- und Heilmittel und als Aromastoff f\u00fcr Kosmetik und Parf\u00fcmerie. Nicht zur Einnahme bestimmt!.<\/p>\n","protected":false},"featured_media":35302,"template":"","meta":{"_acf_changed":false},"product_brand":[584],"product_cat":[801],"product_tag":[],"class_list":{"0":"post-35300","1":"product","2":"type-product","3":"status-publish","4":"has-post-thumbnail","6":"product_brand-apofit","7":"product_cat-a","8":"pa_packungsgroesse-10ml","10":"first","11":"instock","12":"shipping-taxable","13":"purchasable","14":"product-type-simple"},"acf":[],"_links":{"self":[{"href":"https:\/\/www.ernstbrunn-apotheke.at\/katalog\/wp-json\/wp\/v2\/product\/35300","targetHints":{"allow":["GET"]}}],"collection":[{"href":"https:\/\/www.ernstbrunn-apotheke.at\/katalog\/wp-json\/wp\/v2\/product"}],"about":[{"href":"https:\/\/www.ernstbrunn-apotheke.at\/katalog\/wp-json\/wp\/v2\/types\/product"}],"wp:featuredmedia":[{"embeddable":true,"href":"https:\/\/www.ernstbrunn-apotheke.at\/katalog\/wp-json\/wp\/v2\/media\/35302"}],"wp:attachment":[{"href":"https:\/\/www.ernstbrunn-apotheke.at\/katalog\/wp-json\/wp\/v2\/media?parent=35300"}],"wp:term":[{"taxonomy":"product_brand","embeddable":true,"href":"https:\/\/www.ernstbrunn-apotheke.at\/katalog\/wp-json\/wp\/v2\/product_brand?post=35300"},{"taxonomy":"product_cat","embeddable":true,"href":"https:\/\/www.ernstbrunn-apotheke.at\/katalog\/wp-json\/wp\/v2\/product_cat?post=35300"},{"taxonomy":"product_tag","embeddable":true,"href":"https:\/\/www.ernstbrunn-apotheke.at\/katalog\/wp-json\/wp\/v2\/product_tag?post=35300"}],"curies":[{"name":"wp","href":"https:\/\/api.w.org\/{rel}","templated":true}]}}