{"id":35273,"date":"2025-11-10T12:35:38","date_gmt":"2025-11-10T11:35:38","guid":{"rendered":"https:\/\/www.ernstbrunn-apotheke.at\/katalog\/produkt\/apofit-aetherisches-oel-lemongras-10-ml\/"},"modified":"2025-12-08T15:36:35","modified_gmt":"2025-12-08T14:36:35","slug":"apofit-aetherisches-oel-lemongras-10-ml","status":"publish","type":"product","link":"https:\/\/www.ernstbrunn-apotheke.at\/katalog\/produkt\/apofit-aetherisches-oel-lemongras-10-ml\/","title":{"rendered":"Apofit \u00c4therisches \u00d6l Lemongras 10 ml"},"content":{"rendered":"<p>Apofit \u00c4therisches \u00d6l Lemongras eignet sich hervorragend f\u00fcr die anregende, konzentrationsf\u00f6rdernde Raumbeduftung im B\u00fcro und am Arbeitsplatz. Der frische Duft steigert die Aufmerksamkeit und die mentale Leistungsf\u00e4higkeit. Auch f\u00fcr Morgenmuffel ist Lemongrass genau das richtige \u00d6l, um in Schwung zu kommen. \u00c4therisches Lemongrass\u00f6l reinigt die Raumluft und wirkt zudem gegen M\u00fccken und andere Insekten. Nicht zur Einnahme bestimmt!.<\/p>\n","protected":false},"excerpt":{"rendered":"<p>Apofit \u00c4therisches \u00d6l Lemongras eignet sich hervorragend f\u00fcr die anregende, konzentrationsf\u00f6rdernde Raumbeduftung im B\u00fcro und am Arbeitsplatz. Der frische Duft steigert die Aufmerksamkeit und die mentale Leistungsf\u00e4higkeit. Auch f\u00fcr Morgenmuffel ist Lemongrass genau das richtige \u00d6l, um in Schwung zu kommen. \u00c4therisches Lemongrass\u00f6l reinigt die Raumluft und wirkt zudem gegen M\u00fccken und andere Insekten. Nicht [&hellip;]<\/p>\n","protected":false},"featured_media":35275,"template":"","meta":{"_acf_changed":false},"product_brand":[584],"product_cat":[801],"product_tag":[],"class_list":{"0":"post-35273","1":"product","2":"type-product","3":"status-publish","4":"has-post-thumbnail","6":"product_brand-apofit","7":"product_cat-a","8":"pa_packungsgroesse-10ml","10":"first","11":"instock","12":"shipping-taxable","13":"purchasable","14":"product-type-simple"},"acf":[],"_links":{"self":[{"href":"https:\/\/www.ernstbrunn-apotheke.at\/katalog\/wp-json\/wp\/v2\/product\/35273","targetHints":{"allow":["GET"]}}],"collection":[{"href":"https:\/\/www.ernstbrunn-apotheke.at\/katalog\/wp-json\/wp\/v2\/product"}],"about":[{"href":"https:\/\/www.ernstbrunn-apotheke.at\/katalog\/wp-json\/wp\/v2\/types\/product"}],"wp:featuredmedia":[{"embeddable":true,"href":"https:\/\/www.ernstbrunn-apotheke.at\/katalog\/wp-json\/wp\/v2\/media\/35275"}],"wp:attachment":[{"href":"https:\/\/www.ernstbrunn-apotheke.at\/katalog\/wp-json\/wp\/v2\/media?parent=35273"}],"wp:term":[{"taxonomy":"product_brand","embeddable":true,"href":"https:\/\/www.ernstbrunn-apotheke.at\/katalog\/wp-json\/wp\/v2\/product_brand?post=35273"},{"taxonomy":"product_cat","embeddable":true,"href":"https:\/\/www.ernstbrunn-apotheke.at\/katalog\/wp-json\/wp\/v2\/product_cat?post=35273"},{"taxonomy":"product_tag","embeddable":true,"href":"https:\/\/www.ernstbrunn-apotheke.at\/katalog\/wp-json\/wp\/v2\/product_tag?post=35273"}],"curies":[{"name":"wp","href":"https:\/\/api.w.org\/{rel}","templated":true}]}}