{"id":35209,"date":"2025-11-10T12:34:35","date_gmt":"2025-11-10T11:34:35","guid":{"rendered":"https:\/\/www.ernstbrunn-apotheke.at\/katalog\/produkt\/aethera-aetherisches-oel-10-ml-lavendelblueten\/"},"modified":"2025-12-08T15:36:21","modified_gmt":"2025-12-08T14:36:21","slug":"aethera-aetherisches-oel-10-ml-lavendelblueten","status":"publish","type":"product","link":"https:\/\/www.ernstbrunn-apotheke.at\/katalog\/produkt\/aethera-aetherisches-oel-10-ml-lavendelblueten\/","title":{"rendered":"Aethera \u00c4therisches \u00d6l 10 ml Lavendelbl\u00fcten"},"content":{"rendered":"<p>Aethera \u00c4therisches \u00d6l Lavendelbl\u00fcten wird aus Wasserdampf-Destillation gewonnen. Seine Wirkung wird als sehr beruhigend, antidepressiv und antiseptisch beschrieben. Das \u00d6l eignet sich dar\u00fcber hinaus auch bei Insektenstichen. Bereits ein paar Tropfen in der Duftlampe, im Duftstein oder in einem neutralen \u00d6l f\u00fcr Massagen reichen zur perfekten Entfaltung der Wirkstoffe aus. Nicht zur Einnahme bestimmt!.<\/p>\n","protected":false},"excerpt":{"rendered":"<p>Aethera \u00c4therisches \u00d6l Lavendelbl\u00fcten wird aus Wasserdampf-Destillation gewonnen. Seine Wirkung wird als sehr beruhigend, antidepressiv und antiseptisch beschrieben. Das \u00d6l eignet sich dar\u00fcber hinaus auch bei Insektenstichen. Bereits ein paar Tropfen in der Duftlampe, im Duftstein oder in einem neutralen \u00d6l f\u00fcr Massagen reichen zur perfekten Entfaltung der Wirkstoffe aus. Nicht zur Einnahme bestimmt!.<\/p>\n","protected":false},"featured_media":35211,"template":"","meta":{"_acf_changed":false},"product_brand":[],"product_cat":[801],"product_tag":[],"class_list":{"0":"post-35209","1":"product","2":"type-product","3":"status-publish","4":"has-post-thumbnail","6":"product_cat-a","7":"pa_packungsgroesse-10ml","9":"first","10":"instock","11":"shipping-taxable","12":"purchasable","13":"product-type-simple"},"acf":[],"_links":{"self":[{"href":"https:\/\/www.ernstbrunn-apotheke.at\/katalog\/wp-json\/wp\/v2\/product\/35209","targetHints":{"allow":["GET"]}}],"collection":[{"href":"https:\/\/www.ernstbrunn-apotheke.at\/katalog\/wp-json\/wp\/v2\/product"}],"about":[{"href":"https:\/\/www.ernstbrunn-apotheke.at\/katalog\/wp-json\/wp\/v2\/types\/product"}],"wp:featuredmedia":[{"embeddable":true,"href":"https:\/\/www.ernstbrunn-apotheke.at\/katalog\/wp-json\/wp\/v2\/media\/35211"}],"wp:attachment":[{"href":"https:\/\/www.ernstbrunn-apotheke.at\/katalog\/wp-json\/wp\/v2\/media?parent=35209"}],"wp:term":[{"taxonomy":"product_brand","embeddable":true,"href":"https:\/\/www.ernstbrunn-apotheke.at\/katalog\/wp-json\/wp\/v2\/product_brand?post=35209"},{"taxonomy":"product_cat","embeddable":true,"href":"https:\/\/www.ernstbrunn-apotheke.at\/katalog\/wp-json\/wp\/v2\/product_cat?post=35209"},{"taxonomy":"product_tag","embeddable":true,"href":"https:\/\/www.ernstbrunn-apotheke.at\/katalog\/wp-json\/wp\/v2\/product_tag?post=35209"}],"curies":[{"name":"wp","href":"https:\/\/api.w.org\/{rel}","templated":true}]}}