{"id":35184,"date":"2025-11-10T12:33:44","date_gmt":"2025-11-10T11:33:44","guid":{"rendered":"https:\/\/www.ernstbrunn-apotheke.at\/katalog\/produkt\/aetherisches-oel-aethera-10-ml-zirben\/"},"modified":"2025-12-08T15:36:14","modified_gmt":"2025-12-08T14:36:14","slug":"aetherisches-oel-aethera-10-ml-zirben","status":"publish","type":"product","link":"https:\/\/www.ernstbrunn-apotheke.at\/katalog\/produkt\/aetherisches-oel-aethera-10-ml-zirben\/","title":{"rendered":"\u00c4therisches \u00d6l Aethera 10 ml Zirben"},"content":{"rendered":"<p>\u00c4therisches \u00d6l Aethera ist hervorragend zur Raumluftreinigung geeignet. Schlechte Ger\u00fcche, wie K\u00fcchenger\u00fcche, Zigarettengestank oder andere unangenehme Ger\u00fcche werden durch eine Raumbeduftung mit Zirben\u00f6l neutralisiert. Aber es kann nicht nur r\u00e4umlich verwendet werden, auch zur St\u00e4rkung und Aktivierung von K\u00f6rper, Geist und Seele kommt es zum Einsatz. Das \u00d6l weckt die Lebensgeister und belebt den gesamten Organismus. Nicht zur Einnahme bestimmt!.<\/p>\n","protected":false},"excerpt":{"rendered":"<p>\u00c4therisches \u00d6l Aethera ist hervorragend zur Raumluftreinigung geeignet. Schlechte Ger\u00fcche, wie K\u00fcchenger\u00fcche, Zigarettengestank oder andere unangenehme Ger\u00fcche werden durch eine Raumbeduftung mit Zirben\u00f6l neutralisiert. Aber es kann nicht nur r\u00e4umlich verwendet werden, auch zur St\u00e4rkung und Aktivierung von K\u00f6rper, Geist und Seele kommt es zum Einsatz. Das \u00d6l weckt die Lebensgeister und belebt den gesamten [&hellip;]<\/p>\n","protected":false},"featured_media":35186,"template":"","meta":{"_acf_changed":false},"product_brand":[],"product_cat":[801],"product_tag":[],"class_list":{"0":"post-35184","1":"product","2":"type-product","3":"status-publish","4":"has-post-thumbnail","6":"product_cat-a","7":"pa_packungsgroesse-10ml","9":"first","10":"instock","11":"shipping-taxable","12":"purchasable","13":"product-type-simple"},"acf":[],"_links":{"self":[{"href":"https:\/\/www.ernstbrunn-apotheke.at\/katalog\/wp-json\/wp\/v2\/product\/35184","targetHints":{"allow":["GET"]}}],"collection":[{"href":"https:\/\/www.ernstbrunn-apotheke.at\/katalog\/wp-json\/wp\/v2\/product"}],"about":[{"href":"https:\/\/www.ernstbrunn-apotheke.at\/katalog\/wp-json\/wp\/v2\/types\/product"}],"wp:featuredmedia":[{"embeddable":true,"href":"https:\/\/www.ernstbrunn-apotheke.at\/katalog\/wp-json\/wp\/v2\/media\/35186"}],"wp:attachment":[{"href":"https:\/\/www.ernstbrunn-apotheke.at\/katalog\/wp-json\/wp\/v2\/media?parent=35184"}],"wp:term":[{"taxonomy":"product_brand","embeddable":true,"href":"https:\/\/www.ernstbrunn-apotheke.at\/katalog\/wp-json\/wp\/v2\/product_brand?post=35184"},{"taxonomy":"product_cat","embeddable":true,"href":"https:\/\/www.ernstbrunn-apotheke.at\/katalog\/wp-json\/wp\/v2\/product_cat?post=35184"},{"taxonomy":"product_tag","embeddable":true,"href":"https:\/\/www.ernstbrunn-apotheke.at\/katalog\/wp-json\/wp\/v2\/product_tag?post=35184"}],"curies":[{"name":"wp","href":"https:\/\/api.w.org\/{rel}","templated":true}]}}