{"id":35132,"date":"2025-11-10T12:32:47","date_gmt":"2025-11-10T11:32:47","guid":{"rendered":"https:\/\/www.ernstbrunn-apotheke.at\/katalog\/produkt\/apofit-aetherisches-oel-zitrone-10-ml\/"},"modified":"2025-12-08T15:36:01","modified_gmt":"2025-12-08T14:36:01","slug":"apofit-aetherisches-oel-zitrone-10-ml","status":"publish","type":"product","link":"https:\/\/www.ernstbrunn-apotheke.at\/katalog\/produkt\/apofit-aetherisches-oel-zitrone-10-ml\/","title":{"rendered":"Apofit \u00c4therisches \u00d6l Zitrone 10 ml"},"content":{"rendered":"<p>Apofit \u00c4therisches \u00d6l Zitrone wirkt erfrischend und reinigend, konzentrationsf\u00f6rdernd und insektenvertreibend. In Sport- und Massage\u00f6len wird Zitronenessenz zur Tonisierung der Muskeln verwendet. Bei Halsentz\u00fcndungen kann mit Zitronen\u00f6l in Wasser gegurgelt werden, auch bei Magen\u00fcbers\u00e4uerung wird die Zitrone eingesetzt. Auf Insektenstiche und Warzen kann das \u00d6l pur auftragen werden. Nicht zur Einnahme bestimmt!.<\/p>\n","protected":false},"excerpt":{"rendered":"<p>Apofit \u00c4therisches \u00d6l Zitrone wirkt erfrischend und reinigend, konzentrationsf\u00f6rdernd und insektenvertreibend. In Sport- und Massage\u00f6len wird Zitronenessenz zur Tonisierung der Muskeln verwendet. Bei Halsentz\u00fcndungen kann mit Zitronen\u00f6l in Wasser gegurgelt werden, auch bei Magen\u00fcbers\u00e4uerung wird die Zitrone eingesetzt. Auf Insektenstiche und Warzen kann das \u00d6l pur auftragen werden. Nicht zur Einnahme bestimmt!.<\/p>\n","protected":false},"featured_media":35134,"template":"","meta":{"_acf_changed":false},"product_brand":[584],"product_cat":[801],"product_tag":[],"class_list":{"0":"post-35132","1":"product","2":"type-product","3":"status-publish","4":"has-post-thumbnail","6":"product_brand-apofit","7":"product_cat-a","8":"pa_packungsgroesse-10ml","10":"first","11":"instock","12":"shipping-taxable","13":"purchasable","14":"product-type-simple"},"acf":[],"_links":{"self":[{"href":"https:\/\/www.ernstbrunn-apotheke.at\/katalog\/wp-json\/wp\/v2\/product\/35132","targetHints":{"allow":["GET"]}}],"collection":[{"href":"https:\/\/www.ernstbrunn-apotheke.at\/katalog\/wp-json\/wp\/v2\/product"}],"about":[{"href":"https:\/\/www.ernstbrunn-apotheke.at\/katalog\/wp-json\/wp\/v2\/types\/product"}],"wp:featuredmedia":[{"embeddable":true,"href":"https:\/\/www.ernstbrunn-apotheke.at\/katalog\/wp-json\/wp\/v2\/media\/35134"}],"wp:attachment":[{"href":"https:\/\/www.ernstbrunn-apotheke.at\/katalog\/wp-json\/wp\/v2\/media?parent=35132"}],"wp:term":[{"taxonomy":"product_brand","embeddable":true,"href":"https:\/\/www.ernstbrunn-apotheke.at\/katalog\/wp-json\/wp\/v2\/product_brand?post=35132"},{"taxonomy":"product_cat","embeddable":true,"href":"https:\/\/www.ernstbrunn-apotheke.at\/katalog\/wp-json\/wp\/v2\/product_cat?post=35132"},{"taxonomy":"product_tag","embeddable":true,"href":"https:\/\/www.ernstbrunn-apotheke.at\/katalog\/wp-json\/wp\/v2\/product_tag?post=35132"}],"curies":[{"name":"wp","href":"https:\/\/api.w.org\/{rel}","templated":true}]}}