{"id":35093,"date":"2025-11-10T12:32:47","date_gmt":"2025-11-10T11:32:47","guid":{"rendered":"https:\/\/www.ernstbrunn-apotheke.at\/katalog\/produkt\/aetherisches-oel-aethera-10-ml-air-fresh\/"},"modified":"2025-12-08T15:35:51","modified_gmt":"2025-12-08T14:35:51","slug":"aetherisches-oel-aethera-10-ml-air-fresh","status":"publish","type":"product","link":"https:\/\/www.ernstbrunn-apotheke.at\/katalog\/produkt\/aetherisches-oel-aethera-10-ml-air-fresh\/","title":{"rendered":"\u00c4therisches \u00d6l Aethera  10 ml Air Fresh"},"content":{"rendered":"<p>\u00c4therisches \u00d6l Aethera wirkt stimmungsaufhellend, heiter, beruhigend und wirkt antidepressiv. Zudem wird die die Kreativit\u00e4t gesteigert. \u00c4therische \u00d6le von Aethera werden gerne sowohl in der K\u00fcche zur Aromatisierung als auch als Sauna-Aufguss oder in der Duftlampe verwendet. Nicht zur Einnahme bestimmt!.<\/p>\n","protected":false},"excerpt":{"rendered":"<p>\u00c4therisches \u00d6l Aethera wirkt stimmungsaufhellend, heiter, beruhigend und wirkt antidepressiv. Zudem wird die die Kreativit\u00e4t gesteigert. \u00c4therische \u00d6le von Aethera werden gerne sowohl in der K\u00fcche zur Aromatisierung als auch als Sauna-Aufguss oder in der Duftlampe verwendet. Nicht zur Einnahme bestimmt!.<\/p>\n","protected":false},"featured_media":35095,"template":"","meta":{"_acf_changed":false},"product_brand":[],"product_cat":[801],"product_tag":[],"class_list":{"0":"post-35093","1":"product","2":"type-product","3":"status-publish","4":"has-post-thumbnail","6":"product_cat-a","7":"pa_packungsgroesse-10ml","9":"first","10":"instock","11":"shipping-taxable","12":"purchasable","13":"product-type-simple"},"acf":[],"_links":{"self":[{"href":"https:\/\/www.ernstbrunn-apotheke.at\/katalog\/wp-json\/wp\/v2\/product\/35093","targetHints":{"allow":["GET"]}}],"collection":[{"href":"https:\/\/www.ernstbrunn-apotheke.at\/katalog\/wp-json\/wp\/v2\/product"}],"about":[{"href":"https:\/\/www.ernstbrunn-apotheke.at\/katalog\/wp-json\/wp\/v2\/types\/product"}],"wp:featuredmedia":[{"embeddable":true,"href":"https:\/\/www.ernstbrunn-apotheke.at\/katalog\/wp-json\/wp\/v2\/media\/35095"}],"wp:attachment":[{"href":"https:\/\/www.ernstbrunn-apotheke.at\/katalog\/wp-json\/wp\/v2\/media?parent=35093"}],"wp:term":[{"taxonomy":"product_brand","embeddable":true,"href":"https:\/\/www.ernstbrunn-apotheke.at\/katalog\/wp-json\/wp\/v2\/product_brand?post=35093"},{"taxonomy":"product_cat","embeddable":true,"href":"https:\/\/www.ernstbrunn-apotheke.at\/katalog\/wp-json\/wp\/v2\/product_cat?post=35093"},{"taxonomy":"product_tag","embeddable":true,"href":"https:\/\/www.ernstbrunn-apotheke.at\/katalog\/wp-json\/wp\/v2\/product_tag?post=35093"}],"curies":[{"name":"wp","href":"https:\/\/api.w.org\/{rel}","templated":true}]}}