{"id":35008,"date":"2025-11-10T12:30:40","date_gmt":"2025-11-10T11:30:40","guid":{"rendered":"https:\/\/www.ernstbrunn-apotheke.at\/katalog\/produkt\/arlberger-japomin-oel-tropfen-20-ml\/"},"modified":"2025-12-08T15:35:32","modified_gmt":"2025-12-08T14:35:32","slug":"arlberger-japomin-oel-tropfen-20-ml","status":"publish","type":"product","link":"https:\/\/www.ernstbrunn-apotheke.at\/katalog\/produkt\/arlberger-japomin-oel-tropfen-20-ml\/","title":{"rendered":"Arlberger Japomin \u00d6l Tropfen 20 ml"},"content":{"rendered":"<p>Bestehend aus reinem \u00e4therischem Minz\u00f6l kann es unter anderem zur Einnahme bei Verdauungsbeschwerden genommen werden, zur Inhalation bei Erk\u00e4ltungskrankheiten der Atemwege und zum Auftragen bei Muskel- und Nervenschmerzen wie zum Beispiel bei leichten Kopfschmerzen vom Spannungstyp.<\/p>\n<p>&#13;<\/p>\n<p>Als rezeptfreies Arzneimittel wird es unter strengsten Qualit\u00e4tskontrollen in \u00d6sterreich hergestellt. Es sind weder Konservierungsmittel noch Farbstoffe darin enthalten.<\/p>\n","protected":false},"excerpt":{"rendered":"<p>Bestehend aus reinem \u00e4therischem Minz\u00f6l kann es unter anderem zur Einnahme bei Verdauungsbeschwerden genommen werden, zur Inhalation bei Erk\u00e4ltungskrankheiten der Atemwege und zum Auftragen bei Muskel- und Nervenschmerzen wie zum Beispiel bei leichten Kopfschmerzen vom Spannungstyp. &#13; Als rezeptfreies Arzneimittel wird es unter strengsten Qualit\u00e4tskontrollen in \u00d6sterreich hergestellt. Es sind weder Konservierungsmittel noch Farbstoffe darin [&hellip;]<\/p>\n","protected":false},"featured_media":35010,"template":"","meta":{"_acf_changed":false},"product_brand":[],"product_cat":[801],"product_tag":[],"class_list":{"0":"post-35008","1":"product","2":"type-product","3":"status-publish","4":"has-post-thumbnail","6":"product_cat-a","7":"pa_packungsgroesse-20ml","9":"first","10":"instock","11":"shipping-taxable","12":"purchasable","13":"product-type-simple"},"acf":[],"_links":{"self":[{"href":"https:\/\/www.ernstbrunn-apotheke.at\/katalog\/wp-json\/wp\/v2\/product\/35008","targetHints":{"allow":["GET"]}}],"collection":[{"href":"https:\/\/www.ernstbrunn-apotheke.at\/katalog\/wp-json\/wp\/v2\/product"}],"about":[{"href":"https:\/\/www.ernstbrunn-apotheke.at\/katalog\/wp-json\/wp\/v2\/types\/product"}],"wp:featuredmedia":[{"embeddable":true,"href":"https:\/\/www.ernstbrunn-apotheke.at\/katalog\/wp-json\/wp\/v2\/media\/35010"}],"wp:attachment":[{"href":"https:\/\/www.ernstbrunn-apotheke.at\/katalog\/wp-json\/wp\/v2\/media?parent=35008"}],"wp:term":[{"taxonomy":"product_brand","embeddable":true,"href":"https:\/\/www.ernstbrunn-apotheke.at\/katalog\/wp-json\/wp\/v2\/product_brand?post=35008"},{"taxonomy":"product_cat","embeddable":true,"href":"https:\/\/www.ernstbrunn-apotheke.at\/katalog\/wp-json\/wp\/v2\/product_cat?post=35008"},{"taxonomy":"product_tag","embeddable":true,"href":"https:\/\/www.ernstbrunn-apotheke.at\/katalog\/wp-json\/wp\/v2\/product_tag?post=35008"}],"curies":[{"name":"wp","href":"https:\/\/api.w.org\/{rel}","templated":true}]}}