{"id":34985,"date":"2025-11-10T12:30:40","date_gmt":"2025-11-10T11:30:40","guid":{"rendered":"https:\/\/www.ernstbrunn-apotheke.at\/katalog\/produkt\/apofit-aetherisches-oel-cajeput-10-ml\/"},"modified":"2025-12-08T15:35:28","modified_gmt":"2025-12-08T14:35:28","slug":"apofit-aetherisches-oel-cajeput-10-ml","status":"publish","type":"product","link":"https:\/\/www.ernstbrunn-apotheke.at\/katalog\/produkt\/apofit-aetherisches-oel-cajeput-10-ml\/","title":{"rendered":"Apofit \u00c4therisches \u00d6l Cajeput 10 ml"},"content":{"rendered":"<p>Apofit \u00c4therisches \u00d6l Cajeput ist besonders mild, wirkt dabei aber sehr schleiml\u00f6send und befreit die Atemwege. Neben der stark antiseptischen, antiviralen Wirkung ist Cajeput\u00f6l auch f\u00fcr seine schmerzlindernden Eigenschaften beliebt. Nicht zur Einnahme bestimmt!.<\/p>\n","protected":false},"excerpt":{"rendered":"<p>Apofit \u00c4therisches \u00d6l Cajeput ist besonders mild, wirkt dabei aber sehr schleiml\u00f6send und befreit die Atemwege. Neben der stark antiseptischen, antiviralen Wirkung ist Cajeput\u00f6l auch f\u00fcr seine schmerzlindernden Eigenschaften beliebt. Nicht zur Einnahme bestimmt!.<\/p>\n","protected":false},"featured_media":34987,"template":"","meta":{"_acf_changed":false},"product_brand":[584],"product_cat":[801],"product_tag":[],"class_list":{"0":"post-34985","1":"product","2":"type-product","3":"status-publish","4":"has-post-thumbnail","6":"product_brand-apofit","7":"product_cat-a","8":"pa_packungsgroesse-10ml","10":"first","11":"instock","12":"shipping-taxable","13":"purchasable","14":"product-type-simple"},"acf":[],"_links":{"self":[{"href":"https:\/\/www.ernstbrunn-apotheke.at\/katalog\/wp-json\/wp\/v2\/product\/34985","targetHints":{"allow":["GET"]}}],"collection":[{"href":"https:\/\/www.ernstbrunn-apotheke.at\/katalog\/wp-json\/wp\/v2\/product"}],"about":[{"href":"https:\/\/www.ernstbrunn-apotheke.at\/katalog\/wp-json\/wp\/v2\/types\/product"}],"wp:featuredmedia":[{"embeddable":true,"href":"https:\/\/www.ernstbrunn-apotheke.at\/katalog\/wp-json\/wp\/v2\/media\/34987"}],"wp:attachment":[{"href":"https:\/\/www.ernstbrunn-apotheke.at\/katalog\/wp-json\/wp\/v2\/media?parent=34985"}],"wp:term":[{"taxonomy":"product_brand","embeddable":true,"href":"https:\/\/www.ernstbrunn-apotheke.at\/katalog\/wp-json\/wp\/v2\/product_brand?post=34985"},{"taxonomy":"product_cat","embeddable":true,"href":"https:\/\/www.ernstbrunn-apotheke.at\/katalog\/wp-json\/wp\/v2\/product_cat?post=34985"},{"taxonomy":"product_tag","embeddable":true,"href":"https:\/\/www.ernstbrunn-apotheke.at\/katalog\/wp-json\/wp\/v2\/product_tag?post=34985"}],"curies":[{"name":"wp","href":"https:\/\/api.w.org\/{rel}","templated":true}]}}