{"id":34954,"date":"2025-11-10T12:30:40","date_gmt":"2025-11-10T11:30:40","guid":{"rendered":"https:\/\/www.ernstbrunn-apotheke.at\/katalog\/produkt\/alva-teebaum-oel-10-ml\/"},"modified":"2025-12-08T15:35:21","modified_gmt":"2025-12-08T14:35:21","slug":"alva-teebaum-oel-10-ml","status":"publish","type":"product","link":"https:\/\/www.ernstbrunn-apotheke.at\/katalog\/produkt\/alva-teebaum-oel-10-ml\/","title":{"rendered":"Alva Teebaum \u00d6l 10 ml"},"content":{"rendered":"<p>Alva Teebaum \u00d6l ist ein Produkt h\u00f6chster Qualit\u00e4t. Es stammt aus kontrolliert biologischem Anbau sowie Wildwuchs und darf als Allrounder in keinen Haushalt fehlen. Das \u00d6l ist hochenergetisch und beinhaltet jahrtausendealte Kr\u00e4fte. Es kann als etwa auch als Raumduft eingesetzt werden.<\/p>\n","protected":false},"excerpt":{"rendered":"<p>Alva Teebaum \u00d6l ist ein Produkt h\u00f6chster Qualit\u00e4t. Es stammt aus kontrolliert biologischem Anbau sowie Wildwuchs und darf als Allrounder in keinen Haushalt fehlen. Das \u00d6l ist hochenergetisch und beinhaltet jahrtausendealte Kr\u00e4fte. Es kann als etwa auch als Raumduft eingesetzt werden.<\/p>\n","protected":false},"featured_media":34956,"template":"","meta":{"_acf_changed":false},"product_brand":[],"product_cat":[801],"product_tag":[],"class_list":{"0":"post-34954","1":"product","2":"type-product","3":"status-publish","4":"has-post-thumbnail","6":"product_cat-a","7":"pa_packungsgroesse-10ml","9":"first","10":"instock","11":"shipping-taxable","12":"purchasable","13":"product-type-simple"},"acf":[],"_links":{"self":[{"href":"https:\/\/www.ernstbrunn-apotheke.at\/katalog\/wp-json\/wp\/v2\/product\/34954","targetHints":{"allow":["GET"]}}],"collection":[{"href":"https:\/\/www.ernstbrunn-apotheke.at\/katalog\/wp-json\/wp\/v2\/product"}],"about":[{"href":"https:\/\/www.ernstbrunn-apotheke.at\/katalog\/wp-json\/wp\/v2\/types\/product"}],"wp:featuredmedia":[{"embeddable":true,"href":"https:\/\/www.ernstbrunn-apotheke.at\/katalog\/wp-json\/wp\/v2\/media\/34956"}],"wp:attachment":[{"href":"https:\/\/www.ernstbrunn-apotheke.at\/katalog\/wp-json\/wp\/v2\/media?parent=34954"}],"wp:term":[{"taxonomy":"product_brand","embeddable":true,"href":"https:\/\/www.ernstbrunn-apotheke.at\/katalog\/wp-json\/wp\/v2\/product_brand?post=34954"},{"taxonomy":"product_cat","embeddable":true,"href":"https:\/\/www.ernstbrunn-apotheke.at\/katalog\/wp-json\/wp\/v2\/product_cat?post=34954"},{"taxonomy":"product_tag","embeddable":true,"href":"https:\/\/www.ernstbrunn-apotheke.at\/katalog\/wp-json\/wp\/v2\/product_tag?post=34954"}],"curies":[{"name":"wp","href":"https:\/\/api.w.org\/{rel}","templated":true}]}}